{"id":10859,"date":"2025-10-12T21:38:28","date_gmt":"2025-10-12T18:38:28","guid":{"rendered":"https:\/\/www.mhconsultancy.com.tr\/en\/?page_id=10859"},"modified":"2025-10-15T18:59:45","modified_gmt":"2025-10-15T15:59:45","slug":"landscape-services","status":"publish","type":"page","link":"https:\/\/mhconsultancy.com.tr\/en\/landscape-services","title":{"rendered":"Landscape Services"},"content":{"rendered":"\t\t<div data-elementor-type=\"wp-page\" data-elementor-id=\"10859\" class=\"elementor elementor-10859\">\n\t\t\t\t<div class=\"elementor-element elementor-element-0e53d5a e-con-full e-flex e-con e-parent\" data-id=\"0e53d5a\" data-element_type=\"container\">\n\t\t<div class=\"elementor-element elementor-element-f959363 e-con-full e-flex e-con e-child\" data-id=\"f959363\" data-element_type=\"container\">\n\t\t\t\t<div class=\"elementor-element elementor-element-5442e34 elementor-widget elementor-widget-image\" data-id=\"5442e34\" data-element_type=\"widget\" data-widget_type=\"image.default\">\n\t\t\t\t\t\t\t\t\t\t\t\t\t\t\t<img fetchpriority=\"high\" decoding=\"async\" width=\"780\" height=\"838\" src=\"https:\/\/mhconsultancy.com.tr\/en\/wp-content\/uploads\/sites\/2\/2025\/09\/landscape.webp\" class=\"attachment-large size-large wp-image-10473\" alt=\"\" srcset=\"https:\/\/mhconsultancy.com.tr\/en\/wp-content\/uploads\/sites\/2\/2025\/09\/landscape.webp 897w, https:\/\/mhconsultancy.com.tr\/en\/wp-content\/uploads\/sites\/2\/2025\/09\/landscape-279x300.webp 279w\" sizes=\"(max-width: 780px) 100vw, 780px\" \/>\t\t\t\t\t\t\t\t\t\t\t\t\t\t\t<\/div>\n\t\t\t\t<\/div>\n\t\t<div class=\"elementor-element elementor-element-4ce747c e-con-full e-flex e-con e-child\" data-id=\"4ce747c\" data-element_type=\"container\">\n\t\t<div class=\"elementor-element elementor-element-32144e5 e-con-full e-flex e-con e-child\" data-id=\"32144e5\" data-element_type=\"container\">\n\t\t<div class=\"elementor-element elementor-element-c096e57 e-con-full e-flex e-con e-child\" data-id=\"c096e57\" data-element_type=\"container\">\n\t\t<div class=\"elementor-element elementor-element-12f7adc e-con-full e-flex e-con e-child\" data-id=\"12f7adc\" data-element_type=\"container\">\n\t\t\t\t<div class=\"elementor-element elementor-element-c8479a3 elementor-widget elementor-widget-hub_fancy_heading\" data-id=\"c8479a3\" data-element_type=\"widget\" data-widget_type=\"hub_fancy_heading.default\">\n\t\t\t\t<div class=\"elementor-widget-container\">\n\t\t\t\t\t\n\t\t<div id=\"ld-fancy-heading-69dde823dc55a\" class=\"ld-fancy-heading pos-rel\">\n\t\t\t<p class=\"ld-fh-element d-inline-block pos-rel  lqd-highlight-classic lqd-highlight-grow-left p\"  > <b>Brand: <\/b>Arifiye Fidanc\u0131l\u0131k\n<br><b>Company: <\/b>Arifiye Fidanc\u0131l\u0131k<\/p>\t\t<\/div>\n\n\t\t\t\t\t\t<\/div>\n\t\t\t\t<\/div>\n\t\t\t\t<\/div>\n\t\t<div class=\"elementor-element elementor-element-f7fa8a5 e-con-full e-flex e-con e-child\" data-id=\"f7fa8a5\" data-element_type=\"container\">\n\t\t\t\t<div class=\"elementor-element elementor-element-54d516d elementor-widget elementor-widget-image\" data-id=\"54d516d\" data-element_type=\"widget\" data-widget_type=\"image.default\">\n\t\t\t\t\t\t\t\t\t\t\t\t\t\t\t<img decoding=\"async\" width=\"221\" height=\"93\" src=\"data:image\/svg+xml;charset=utf-8,%3Csvg xmlns%3D&#039;http%3A%2F%2Fwww.w3.org%2F2000%2Fsvg&#039; viewBox%3D&#039;0 0 221 93&#039;%2F%3E\" class=\"attachment-full size-full wp-image-10862 ld-lazyload\" alt=\"\" data-src=\"https:\/\/mhconsultancy.com.tr\/en\/wp-content\/uploads\/sites\/2\/2025\/10\/arifiye.webp\" data-aspect=\"2.3763440860215\" \/>\t\t\t\t\t\t\t\t\t\t\t\t\t\t\t<\/div>\n\t\t\t\t<\/div>\n\t\t\t\t<\/div>\n\t\t\t\t<div class=\"elementor-element elementor-element-547c65e elementor-widget elementor-widget-hub_fancy_heading\" data-id=\"547c65e\" data-element_type=\"widget\" data-widget_type=\"hub_fancy_heading.default\">\n\t\t\t\t<div class=\"elementor-widget-container\">\n\t\t\t\t\t\n\t\t<div id=\"ld-fancy-heading-69dde823dd228\" class=\"ld-fancy-heading pos-rel\">\n\t\t\t<p class=\"ld-fh-element d-inline-block pos-rel  lqd-highlight-classic lqd-highlight-grow-left p\"  > <b>Web:<\/b><a href=\"https:\/\/www.arifiyefidancilik.com\/\" target=\"_blank\" rel=\"noopener\"> www.arifiyefidancilik.com<\/a>\n\n<b>&nbsp;&nbsp;&nbsp;&nbsp;|&nbsp;&nbsp;&nbsp;&nbsp;  Presentation:<\/b><a href=\"https:\/\/kolektifmind.com\/mhc\/catalog\/%20Arifiye%202025%20web.pdf\" target=\"_blank\" rel=\"noopener\"> Arifiye Fidanc\u0131l\u0131k 2025<\/a><\/p>\t\t<\/div>\n\n\t\t\t\t\t\t<\/div>\n\t\t\t\t<\/div>\n\t\t\t\t<\/div>\n\t\t<div class=\"elementor-element elementor-element-0533500 e-con-full e-flex e-con e-child\" data-id=\"0533500\" data-element_type=\"container\">\n\t\t<div class=\"elementor-element elementor-element-5312ec0 e-con-full e-flex e-con e-child\" data-id=\"5312ec0\" data-element_type=\"container\">\n\t\t\t\t<div class=\"elementor-element elementor-element-793e9a5 elementor-widget elementor-widget-hub_fancy_heading\" data-id=\"793e9a5\" data-element_type=\"widget\" data-widget_type=\"hub_fancy_heading.default\">\n\t\t\t\t<div class=\"elementor-widget-container\">\n\t\t\t\t\t\n\t\t<div id=\"ld-fancy-heading-69dde823ddd62\" class=\"ld-fancy-heading pos-rel\">\n\t\t\t<h2 class=\"ld-fh-element d-inline-block pos-rel  elementor-heading-title lqd-highlight-classic lqd-highlight-grow-left h2\"  > Landscape Services\n<\/h2>\t\t<\/div>\n\n\t\t\t\t\t\t<\/div>\n\t\t\t\t<\/div>\n\t\t\t\t<div class=\"elementor-element elementor-element-70e698b elementor-widget elementor-widget-hub_fancy_heading\" data-id=\"70e698b\" data-element_type=\"widget\" data-widget_type=\"hub_fancy_heading.default\">\n\t\t\t\t<div class=\"elementor-widget-container\">\n\t\t\t\t\t\n\t\t<div id=\"ld-fancy-heading-69dde823de75e\" class=\"ld-fancy-heading pos-rel\">\n\t\t\t<p class=\"ld-fh-element d-inline-block pos-rel  lqd-highlight-classic lqd-highlight-grow-left p\"  > <b>Services: <\/b>Partnership, Sales\n\n<b>&nbsp;&nbsp;&nbsp;&nbsp;|&nbsp;&nbsp;&nbsp;&nbsp;  Location:<\/b> Turkey, Kazakhstan, Turkmenistan<\/p>\t\t<\/div>\n\n\t\t\t\t\t\t<\/div>\n\t\t\t\t<\/div>\n\t\t\t\t<div class=\"elementor-element elementor-element-a409655 elementor-widget__width-initial elementor-widget-mobile__width-initial elementor-widget elementor-widget-hub_fancy_heading\" data-id=\"a409655\" data-element_type=\"widget\" data-widget_type=\"hub_fancy_heading.default\">\n\t\t\t\t<div class=\"elementor-widget-container\">\n\t\t\t\t\t\n\t\t<div id=\"ld-fancy-heading-69dde823df185\" class=\"ld-fancy-heading pos-rel\">\n\t\t\t<p class=\"ld-fh-element d-inline-block pos-rel  lqd-highlight-classic lqd-highlight-grow-left p\"  > MH Consultancy, with its landscape services, brings natural beauties and outdoor spaces into an aesthetic whole. It offers solutions that add elegance to living spaces. In every project, it implements functional and eye-catching designs that respect environmental harmony.<\/p>\t\t<\/div>\n\n\t\t\t\t\t\t<\/div>\n\t\t\t\t<\/div>\n\t\t\t\t<\/div>\n\t\t\t\t<\/div>\n\t\t\t\t<\/div>\n\t\t\t\t<\/div>\n\t\t\t\t<\/div>\n\t\t","protected":false},"excerpt":{"rendered":"<p>Brand: Arifiye Fidanc\u0131l\u0131k Company: Arifiye Fidanc\u0131l\u0131k Web: www.arifiyefidancilik.com &nbsp;&nbsp;&nbsp;&nbsp;|&nbsp;&nbsp;&nbsp;&nbsp; Presentation: Arifiye Fidanc\u0131l\u0131k 2025 Landscape Services Services: Partnership, Sales &nbsp;&nbsp;&nbsp;&nbsp;|&nbsp;&nbsp;&nbsp;&nbsp; Location: Turkey, Kazakhstan, Turkmenistan MH Consultancy, with its landscape services, brings natural beauties and outdoor spaces into an aesthetic whole. It offers solutions that add elegance to living spaces. In every project, it implements functional and [&hellip;]<\/p>\n","protected":false},"author":1,"featured_media":0,"parent":0,"menu_order":0,"comment_status":"closed","ping_status":"closed","template":"","meta":{"footnotes":""},"class_list":["post-10859","page","type-page","status-publish","hentry"],"_links":{"self":[{"href":"https:\/\/mhconsultancy.com.tr\/en\/wp-json\/wp\/v2\/pages\/10859","targetHints":{"allow":["GET"]}}],"collection":[{"href":"https:\/\/mhconsultancy.com.tr\/en\/wp-json\/wp\/v2\/pages"}],"about":[{"href":"https:\/\/mhconsultancy.com.tr\/en\/wp-json\/wp\/v2\/types\/page"}],"author":[{"embeddable":true,"href":"https:\/\/mhconsultancy.com.tr\/en\/wp-json\/wp\/v2\/users\/1"}],"replies":[{"embeddable":true,"href":"https:\/\/mhconsultancy.com.tr\/en\/wp-json\/wp\/v2\/comments?post=10859"}],"version-history":[{"count":10,"href":"https:\/\/mhconsultancy.com.tr\/en\/wp-json\/wp\/v2\/pages\/10859\/revisions"}],"predecessor-version":[{"id":10983,"href":"https:\/\/mhconsultancy.com.tr\/en\/wp-json\/wp\/v2\/pages\/10859\/revisions\/10983"}],"wp:attachment":[{"href":"https:\/\/mhconsultancy.com.tr\/en\/wp-json\/wp\/v2\/media?parent=10859"}],"curies":[{"name":"wp","href":"https:\/\/api.w.org\/{rel}","templated":true}]}}