{"id":10475,"date":"2025-10-23T18:00:18","date_gmt":"2025-10-23T15:00:18","guid":{"rendered":"https:\/\/mhconsultancy.com.tr\/tr\/?page_id=10475"},"modified":"2025-10-23T18:12:49","modified_gmt":"2025-10-23T15:12:49","slug":"kurumsal","status":"publish","type":"page","link":"https:\/\/mhconsultancy.com.tr\/tr\/kurumsal\/","title":{"rendered":"Kurumsal"},"content":{"rendered":"\t\t<div data-elementor-type=\"wp-page\" data-elementor-id=\"10475\" class=\"elementor elementor-10475\">\n\t\t\t\t\t\t<section class=\"elementor-section elementor-top-section elementor-element elementor-element-7e3f0dd elementor-section-content-middle elementor-section-boxed elementor-section-height-default elementor-section-height-default\" data-id=\"7e3f0dd\" data-element_type=\"section\" data-settings=\"{&quot;background_background&quot;:&quot;classic&quot;}\">\n\t\t\t\t\t\t<div class=\"elementor-container elementor-column-gap-default\">\n\t\t\t\t\t<div class=\"elementor-column elementor-col-66 elementor-top-column elementor-element elementor-element-b548489\" data-id=\"b548489\" data-element_type=\"column\">\n\t\t\t<div class=\"elementor-widget-wrap elementor-element-populated\">\n\t\t\t\t\t\t<div class=\"elementor-element elementor-element-3aeefde elementor-widget elementor-widget-hub_fancy_heading\" data-id=\"3aeefde\" data-element_type=\"widget\" data-widget_type=\"hub_fancy_heading.default\">\n\t\t\t\t<div class=\"elementor-widget-container\">\n\t\t\t\t\t\n\t\t<div id=\"ld-fancy-heading-69de130a0bb57\" class=\"ld-fancy-heading pos-rel\">\n\t\t\t<h1 class=\"ld-fh-element d-inline-block pos-rel  elementor-heading-title lqd-highlight-classic lqd-highlight-grow-left h1\"  > Kurumsal<\/h1>\t\t<\/div>\n\n\t\t\t\t\t\t<\/div>\n\t\t\t\t<\/div>\n\t\t\t\t<div class=\"elementor-element elementor-element-5e8e55a elementor-widget elementor-widget-hub_fancy_heading\" data-id=\"5e8e55a\" data-element_type=\"widget\" data-widget_type=\"hub_fancy_heading.default\">\n\t\t\t\t<div class=\"elementor-widget-container\">\n\t\t\t\t\t\n\t\t<div id=\"ld-fancy-heading-69de130a0cae0\" class=\"ld-fancy-heading pos-rel\">\n\t\t\t<p class=\"ld-fh-element d-inline-block pos-rel  lqd-highlight-classic lqd-highlight-grow-left p\"  > Y\u00fcksek katma de\u011ferli, g\u00fcvenilir ve yenilik\u00e7i \u00e7\u00f6z\u00fcmler.<\/p>\t\t<\/div>\n\n\t\t\t\t\t\t<\/div>\n\t\t\t\t<\/div>\n\t\t\t\t\t<\/div>\n\t\t<\/div>\n\t\t\t\t<div class=\"elementor-column elementor-col-33 elementor-top-column elementor-element elementor-element-c249734\" data-id=\"c249734\" data-element_type=\"column\">\n\t\t\t<div class=\"elementor-widget-wrap\">\n\t\t\t\t\t\t\t<\/div>\n\t\t<\/div>\n\t\t\t\t\t<\/div>\n\t\t<\/section>\n\t\t\t\t<section class=\"elementor-section elementor-top-section elementor-element elementor-element-97842a2 elementor-section-boxed elementor-section-height-default elementor-section-height-default\" data-id=\"97842a2\" data-element_type=\"section\">\n\t\t\t\t\t\t<div class=\"elementor-container elementor-column-gap-no\">\n\t\t\t\t\t<div class=\"elementor-column elementor-col-50 elementor-top-column elementor-element elementor-element-303403c\" data-id=\"303403c\" data-element_type=\"column\" data-settings=\"{&quot;background_background&quot;:&quot;classic&quot;}\">\n\t\t\t<div class=\"elementor-widget-wrap elementor-element-populated\">\n\t\t\t\t\t\t<div class=\"elementor-element elementor-element-b2286c2 elementor-widget elementor-widget-spacer\" data-id=\"b2286c2\" data-element_type=\"widget\" data-widget_type=\"spacer.default\">\n\t\t\t\t\t\t\t<div class=\"elementor-spacer\">\n\t\t\t<div class=\"elementor-spacer-inner\"><\/div>\n\t\t<\/div>\n\t\t\t\t\t\t<\/div>\n\t\t\t\t\t<\/div>\n\t\t<\/div>\n\t\t\t\t<div class=\"elementor-column elementor-col-50 elementor-top-column elementor-element elementor-element-2ad4615\" data-id=\"2ad4615\" data-element_type=\"column\" data-settings=\"{&quot;background_background&quot;:&quot;classic&quot;}\">\n\t\t\t<div class=\"elementor-widget-wrap elementor-element-populated\">\n\t\t\t\t\t\t<div class=\"elementor-element elementor-element-0a62972 elementor-widget elementor-widget-hub_fancy_heading\" data-id=\"0a62972\" data-element_type=\"widget\" data-widget_type=\"hub_fancy_heading.default\">\n\t\t\t\t<div class=\"elementor-widget-container\">\n\t\t\t\t\t\n\t\t<div id=\"ld-fancy-heading-69de130a0d482\" class=\"ld-fancy-heading pos-rel\">\n\t\t\t<h6 class=\"ld-fh-element d-inline-block pos-rel  elementor-heading-title lqd-highlight-classic lqd-highlight-grow-left h6\"  > Hakk\u0131m\u0131zda<\/h6>\t\t<\/div>\n\n\t\t\t\t\t\t<\/div>\n\t\t\t\t<\/div>\n\t\t\t\t<div class=\"elementor-element elementor-element-32d7a62 elementor-widget elementor-widget-hub_fancy_heading\" data-id=\"32d7a62\" data-element_type=\"widget\" data-widget_type=\"hub_fancy_heading.default\">\n\t\t\t\t<div class=\"elementor-widget-container\">\n\t\t\t\t\t\n\t\t<div id=\"ld-fancy-heading-69de130a0de35\" class=\"ld-fancy-heading pos-rel\">\n\t\t\t<p class=\"ld-fh-element d-inline-block pos-rel  lqd-highlight-classic lqd-highlight-grow-left p\"  > MH Consultancy, ulusal ve uluslararas\u0131 pazarlarda hayata ge\u00e7irdi\u011fi farkl\u0131 sekt\u00f6rlere ait \u00fcst d\u00fczey projelerle, dan\u0131\u015fmanl\u0131kta \u00f6nc\u00fc bir konumdad\u0131r. \u0130ngiltere\u2019den Rusya\u2019ya, Katar\u2019dan Kazakistan\u2019a uzanan ticari anla\u015fmalar\u0131yla k\u00fcresel \u00e7apta hizmet sunmaktad\u0131r. Yat\u0131r\u0131m ara\u00e7lar\u0131n\u0131 ve m\u00fc\u015fteri deneyimini her ge\u00e7en g\u00fcn art\u0131r\u0131rken yenilik\u00e7i \u00e7\u00f6z\u00fcmlerle liderli\u011fini g\u00fc\u00e7lendirmektedir.\n<\/p>\t\t<\/div>\n\n\t\t\t\t\t\t<\/div>\n\t\t\t\t<\/div>\n\t\t\t\t\t<\/div>\n\t\t<\/div>\n\t\t\t\t\t<\/div>\n\t\t<\/section>\n\t\t<div class=\"elementor-element elementor-element-fa9a217 e-flex e-con-boxed e-con e-parent\" data-id=\"fa9a217\" data-element_type=\"container\">\n\t\t\t\t\t<div class=\"e-con-inner\">\n\t\t<div class=\"elementor-element elementor-element-be7e8d6 e-con-full e-flex e-con e-child\" data-id=\"be7e8d6\" data-element_type=\"container\">\n\t\t\t\t<div class=\"elementor-element elementor-element-f539a36 elementor-widget elementor-widget-hub_fancy_heading\" data-id=\"f539a36\" data-element_type=\"widget\" data-widget_type=\"hub_fancy_heading.default\">\n\t\t\t\t<div class=\"elementor-widget-container\">\n\t\t\t\t\t\n\t\t<div id=\"ld-fancy-heading-69de130a0e772\" class=\"ld-fancy-heading pos-rel\">\n\t\t\t<h6 class=\"ld-fh-element d-inline-block pos-rel  elementor-heading-title lqd-highlight-classic lqd-highlight-grow-left h6\"  > Misyonumuz<\/h6>\t\t<\/div>\n\n\t\t\t\t\t\t<\/div>\n\t\t\t\t<\/div>\n\t\t\t\t<div class=\"elementor-element elementor-element-1cb436a elementor-widget elementor-widget-hub_fancy_heading\" data-id=\"1cb436a\" data-element_type=\"widget\" data-widget_type=\"hub_fancy_heading.default\">\n\t\t\t\t<div class=\"elementor-widget-container\">\n\t\t\t\t\t\n\t\t<div id=\"ld-fancy-heading-69de130a0f13a\" class=\"ld-fancy-heading pos-rel\">\n\t\t\t<p class=\"ld-fh-element d-inline-block pos-rel  lqd-highlight-classic lqd-highlight-grow-left p\"  > MH Consultancy, ulusal ve uluslararas\u0131 pazarlarda, m\u00fc\u015fterilerine y\u00fcksek katma de\u011ferli, yenilik\u00e7i ve g\u00fcvenilir \u00e7\u00f6z\u00fcmler sa\u011flayarak marka bilinirli\u011fini art\u0131rmay\u0131 hedeflemektedir.<\/p>\t\t<\/div>\n\n\t\t\t\t\t\t<\/div>\n\t\t\t\t<\/div>\n\t\t\t\t<\/div>\n\t\t<div class=\"elementor-element elementor-element-b99cf4a e-con-full e-flex e-con e-child\" data-id=\"b99cf4a\" data-element_type=\"container\">\n\t\t\t\t<div class=\"elementor-element elementor-element-41f5cbc elementor-widget elementor-widget-hub_fancy_heading\" data-id=\"41f5cbc\" data-element_type=\"widget\" data-widget_type=\"hub_fancy_heading.default\">\n\t\t\t\t<div class=\"elementor-widget-container\">\n\t\t\t\t\t\n\t\t<div id=\"ld-fancy-heading-69de130a0fa52\" class=\"ld-fancy-heading pos-rel\">\n\t\t\t<h6 class=\"ld-fh-element d-inline-block pos-rel  elementor-heading-title lqd-highlight-classic lqd-highlight-grow-left h6\"  > Vizyonumuz<\/h6>\t\t<\/div>\n\n\t\t\t\t\t\t<\/div>\n\t\t\t\t<\/div>\n\t\t\t\t<div class=\"elementor-element elementor-element-2220e7b elementor-widget elementor-widget-hub_fancy_heading\" data-id=\"2220e7b\" data-element_type=\"widget\" data-widget_type=\"hub_fancy_heading.default\">\n\t\t\t\t<div class=\"elementor-widget-container\">\n\t\t\t\t\t\n\t\t<div id=\"ld-fancy-heading-69de130a10378\" class=\"ld-fancy-heading pos-rel\">\n\t\t\t<p class=\"ld-fh-element d-inline-block pos-rel  lqd-highlight-classic lqd-highlight-grow-left p\"  > Kurulu\u015f felsefesine ba\u011fl\u0131 kalmak, global piyasalarda payda\u015flar\u0131 i\u00e7in sa\u011flad\u0131\u011f\u0131 de\u011ferlerle s\u00fcrd\u00fcr\u00fclebilir b\u00fcy\u00fcme sa\u011flamak ve \u00e7evreye duyarl\u0131, g\u00fcvenilir bir dan\u0131\u015fmanl\u0131k firmas\u0131 olmak MH Consultancy\u2019nin vizyonudur.<\/p>\t\t<\/div>\n\n\t\t\t\t\t\t<\/div>\n\t\t\t\t<\/div>\n\t\t\t\t<\/div>\n\t\t\t\t\t<\/div>\n\t\t\t\t<\/div>\n\t\t<div class=\"elementor-element elementor-element-dcb391f e-flex e-con-boxed e-con e-parent\" data-id=\"dcb391f\" data-element_type=\"container\">\n\t\t\t\t\t<div class=\"e-con-inner\">\n\t\t\t\t<div class=\"elementor-element elementor-element-33bb555 elementor-widget elementor-widget-image\" data-id=\"33bb555\" data-element_type=\"widget\" data-widget_type=\"image.default\">\n\t\t\t\t\t\t\t\t\t\t\t\t\t\t\t<img fetchpriority=\"high\" decoding=\"async\" width=\"1920\" height=\"1070\" src=\"https:\/\/mhconsultancy.com.tr\/tr\/wp-content\/uploads\/sites\/3\/2025\/10\/yeni-harita-final-e1760354686463.png\" class=\"attachment-full size-full wp-image-10478\" alt=\"\" srcset=\"https:\/\/mhconsultancy.com.tr\/tr\/wp-content\/uploads\/sites\/3\/2025\/10\/yeni-harita-final-e1760354686463.png 1920w, https:\/\/mhconsultancy.com.tr\/tr\/wp-content\/uploads\/sites\/3\/2025\/10\/yeni-harita-final-e1760354686463-300x167.png 300w, https:\/\/mhconsultancy.com.tr\/tr\/wp-content\/uploads\/sites\/3\/2025\/10\/yeni-harita-final-e1760354686463-1024x571.png 1024w, https:\/\/mhconsultancy.com.tr\/tr\/wp-content\/uploads\/sites\/3\/2025\/10\/yeni-harita-final-e1760354686463-1536x856.png 1536w, https:\/\/mhconsultancy.com.tr\/tr\/wp-content\/uploads\/sites\/3\/2025\/10\/yeni-harita-final-e1760354686463-720x400.png 720w\" sizes=\"(max-width: 1920px) 100vw, 1920px\" \/>\t\t\t\t\t\t\t\t\t\t\t\t\t\t\t<\/div>\n\t\t\t\t\t<\/div>\n\t\t\t\t<\/div>\n\t\t\t\t<\/div>\n\t\t","protected":false},"excerpt":{"rendered":"<p>Kurumsal Y\u00fcksek katma de\u011ferli, g\u00fcvenilir ve yenilik\u00e7i \u00e7\u00f6z\u00fcmler. Hakk\u0131m\u0131zda MH Consultancy, ulusal ve uluslararas\u0131 pazarlarda hayata ge\u00e7irdi\u011fi farkl\u0131 sekt\u00f6rlere ait \u00fcst d\u00fczey projelerle, dan\u0131\u015fmanl\u0131kta \u00f6nc\u00fc bir konumdad\u0131r. \u0130ngiltere\u2019den Rusya\u2019ya, Katar\u2019dan Kazakistan\u2019a uzanan ticari anla\u015fmalar\u0131yla k\u00fcresel \u00e7apta hizmet sunmaktad\u0131r. Yat\u0131r\u0131m ara\u00e7lar\u0131n\u0131 ve m\u00fc\u015fteri deneyimini her ge\u00e7en g\u00fcn art\u0131r\u0131rken yenilik\u00e7i \u00e7\u00f6z\u00fcmlerle liderli\u011fini g\u00fc\u00e7lendirmektedir. Misyonumuz MH Consultancy, ulusal [&hellip;]<\/p>\n","protected":false},"author":1,"featured_media":0,"parent":0,"menu_order":0,"comment_status":"closed","ping_status":"closed","template":"","meta":{"footnotes":""},"class_list":["post-10475","page","type-page","status-publish","hentry"],"_links":{"self":[{"href":"https:\/\/mhconsultancy.com.tr\/tr\/wp-json\/wp\/v2\/pages\/10475","targetHints":{"allow":["GET"]}}],"collection":[{"href":"https:\/\/mhconsultancy.com.tr\/tr\/wp-json\/wp\/v2\/pages"}],"about":[{"href":"https:\/\/mhconsultancy.com.tr\/tr\/wp-json\/wp\/v2\/types\/page"}],"author":[{"embeddable":true,"href":"https:\/\/mhconsultancy.com.tr\/tr\/wp-json\/wp\/v2\/users\/1"}],"replies":[{"embeddable":true,"href":"https:\/\/mhconsultancy.com.tr\/tr\/wp-json\/wp\/v2\/comments?post=10475"}],"version-history":[{"count":7,"href":"https:\/\/mhconsultancy.com.tr\/tr\/wp-json\/wp\/v2\/pages\/10475\/revisions"}],"predecessor-version":[{"id":10491,"href":"https:\/\/mhconsultancy.com.tr\/tr\/wp-json\/wp\/v2\/pages\/10475\/revisions\/10491"}],"wp:attachment":[{"href":"https:\/\/mhconsultancy.com.tr\/tr\/wp-json\/wp\/v2\/media?parent=10475"}],"curies":[{"name":"wp","href":"https:\/\/api.w.org\/{rel}","templated":true}]}}