{"id":10484,"date":"2025-10-23T18:09:53","date_gmt":"2025-10-23T15:09:53","guid":{"rendered":"https:\/\/mhconsultancy.com.tr\/tr\/?page_id=10484"},"modified":"2025-10-23T18:12:19","modified_gmt":"2025-10-23T15:12:19","slug":"referanslar","status":"publish","type":"page","link":"https:\/\/mhconsultancy.com.tr\/tr\/referanslar\/","title":{"rendered":"Referanslar"},"content":{"rendered":"\t\t<div data-elementor-type=\"wp-page\" data-elementor-id=\"10484\" class=\"elementor elementor-10484\">\n\t\t\t\t\t\t<section class=\"elementor-section elementor-top-section elementor-element elementor-element-c662e7d elementor-section-content-middle elementor-section-boxed elementor-section-height-default elementor-section-height-default\" data-id=\"c662e7d\" data-element_type=\"section\" data-settings=\"{&quot;background_background&quot;:&quot;classic&quot;}\">\n\t\t\t\t\t\t<div class=\"elementor-container elementor-column-gap-default\">\n\t\t\t\t\t<div class=\"elementor-column elementor-col-66 elementor-top-column elementor-element elementor-element-4ced865\" data-id=\"4ced865\" data-element_type=\"column\">\n\t\t\t<div class=\"elementor-widget-wrap elementor-element-populated\">\n\t\t\t\t\t\t<div class=\"elementor-element elementor-element-1d8fcd2 elementor-widget elementor-widget-hub_fancy_heading\" data-id=\"1d8fcd2\" data-element_type=\"widget\" data-widget_type=\"hub_fancy_heading.default\">\n\t\t\t\t<div class=\"elementor-widget-container\">\n\t\t\t\t\t\n\t\t<div id=\"ld-fancy-heading-69de130ac3af4\" class=\"ld-fancy-heading pos-rel\">\n\t\t\t<h1 class=\"ld-fh-element d-inline-block pos-rel  elementor-heading-title lqd-highlight-classic lqd-highlight-grow-left h1\"  > Referanslar<\/h1>\t\t<\/div>\n\n\t\t\t\t\t\t<\/div>\n\t\t\t\t<\/div>\n\t\t\t\t<div class=\"elementor-element elementor-element-cc63533 elementor-widget elementor-widget-hub_fancy_heading\" data-id=\"cc63533\" data-element_type=\"widget\" data-widget_type=\"hub_fancy_heading.default\">\n\t\t\t\t<div class=\"elementor-widget-container\">\n\t\t\t\t\t\n\t\t<div id=\"ld-fancy-heading-69de130ac4981\" class=\"ld-fancy-heading pos-rel\">\n\t\t\t<p class=\"ld-fh-element d-inline-block pos-rel  lqd-highlight-classic lqd-highlight-grow-left p\"  > Farkl\u0131 sekt\u00f6rlerden kapsaml\u0131 projeler, kazan\u0131lan deneyimler ve kurumsal i\u015f birlikleri.<\/p>\t\t<\/div>\n\n\t\t\t\t\t\t<\/div>\n\t\t\t\t<\/div>\n\t\t\t\t\t<\/div>\n\t\t<\/div>\n\t\t\t\t<div class=\"elementor-column elementor-col-33 elementor-top-column elementor-element elementor-element-25eeb1e\" data-id=\"25eeb1e\" data-element_type=\"column\">\n\t\t\t<div class=\"elementor-widget-wrap\">\n\t\t\t\t\t\t\t<\/div>\n\t\t<\/div>\n\t\t\t\t\t<\/div>\n\t\t<\/section>\n\t\t<div class=\"elementor-element elementor-element-bda03f8 e-con-full e-flex e-con e-parent\" data-id=\"bda03f8\" data-element_type=\"container\">\n\t\t\t\t<div class=\"elementor-element elementor-element-8f92c78 elementor-widget elementor-widget-image\" data-id=\"8f92c78\" data-element_type=\"widget\" data-widget_type=\"image.default\">\n\t\t\t\t\t\t\t\t\t\t\t\t\t\t\t<img fetchpriority=\"high\" decoding=\"async\" width=\"8132\" height=\"3102\" src=\"https:\/\/mhconsultancy.com.tr\/tr\/wp-content\/uploads\/sites\/3\/2025\/10\/REFERANSLAR-2.png\" class=\"attachment-full size-full wp-image-10457\" alt=\"\" srcset=\"https:\/\/mhconsultancy.com.tr\/tr\/wp-content\/uploads\/sites\/3\/2025\/10\/REFERANSLAR-2.png 8132w, https:\/\/mhconsultancy.com.tr\/tr\/wp-content\/uploads\/sites\/3\/2025\/10\/REFERANSLAR-2-300x114.png 300w, https:\/\/mhconsultancy.com.tr\/tr\/wp-content\/uploads\/sites\/3\/2025\/10\/REFERANSLAR-2-1024x391.png 1024w, https:\/\/mhconsultancy.com.tr\/tr\/wp-content\/uploads\/sites\/3\/2025\/10\/REFERANSLAR-2-1536x586.png 1536w, https:\/\/mhconsultancy.com.tr\/tr\/wp-content\/uploads\/sites\/3\/2025\/10\/REFERANSLAR-2-2048x781.png 2048w\" sizes=\"(max-width: 8132px) 100vw, 8132px\" \/>\t\t\t\t\t\t\t\t\t\t\t\t\t\t\t<\/div>\n\t\t\t\t<\/div>\n\t\t\t\t<\/div>\n\t\t","protected":false},"excerpt":{"rendered":"<p>Referanslar Farkl\u0131 sekt\u00f6rlerden kapsaml\u0131 projeler, kazan\u0131lan deneyimler ve kurumsal i\u015f birlikleri.<\/p>\n","protected":false},"author":1,"featured_media":0,"parent":0,"menu_order":0,"comment_status":"closed","ping_status":"closed","template":"","meta":{"footnotes":""},"class_list":["post-10484","page","type-page","status-publish","hentry"],"_links":{"self":[{"href":"https:\/\/mhconsultancy.com.tr\/tr\/wp-json\/wp\/v2\/pages\/10484","targetHints":{"allow":["GET"]}}],"collection":[{"href":"https:\/\/mhconsultancy.com.tr\/tr\/wp-json\/wp\/v2\/pages"}],"about":[{"href":"https:\/\/mhconsultancy.com.tr\/tr\/wp-json\/wp\/v2\/types\/page"}],"author":[{"embeddable":true,"href":"https:\/\/mhconsultancy.com.tr\/tr\/wp-json\/wp\/v2\/users\/1"}],"replies":[{"embeddable":true,"href":"https:\/\/mhconsultancy.com.tr\/tr\/wp-json\/wp\/v2\/comments?post=10484"}],"version-history":[{"count":4,"href":"https:\/\/mhconsultancy.com.tr\/tr\/wp-json\/wp\/v2\/pages\/10484\/revisions"}],"predecessor-version":[{"id":10488,"href":"https:\/\/mhconsultancy.com.tr\/tr\/wp-json\/wp\/v2\/pages\/10484\/revisions\/10488"}],"wp:attachment":[{"href":"https:\/\/mhconsultancy.com.tr\/tr\/wp-json\/wp\/v2\/media?parent=10484"}],"curies":[{"name":"wp","href":"https:\/\/api.w.org\/{rel}","templated":true}]}}