{"id":10516,"date":"2025-10-23T20:00:41","date_gmt":"2025-10-23T17:00:41","guid":{"rendered":"https:\/\/mhconsultancy.com.tr\/tr\/?page_id=10516"},"modified":"2025-10-23T20:04:52","modified_gmt":"2025-10-23T17:04:52","slug":"catering","status":"publish","type":"page","link":"https:\/\/mhconsultancy.com.tr\/tr\/catering\/","title":{"rendered":"Catering"},"content":{"rendered":"\t\t<div data-elementor-type=\"wp-page\" data-elementor-id=\"10516\" class=\"elementor elementor-10516\">\n\t\t\t\t<div class=\"elementor-element elementor-element-fbbe287 e-con-full e-flex e-con e-parent\" data-id=\"fbbe287\" data-element_type=\"container\">\n\t\t<div class=\"elementor-element elementor-element-74ee0b1 e-con-full e-flex e-con e-child\" data-id=\"74ee0b1\" data-element_type=\"container\">\n\t\t\t\t<div class=\"elementor-element elementor-element-9838742 elementor-widget elementor-widget-image\" data-id=\"9838742\" data-element_type=\"widget\" data-widget_type=\"image.default\">\n\t\t\t\t\t\t\t\t\t\t\t\t\t\t\t<img fetchpriority=\"high\" decoding=\"async\" width=\"780\" height=\"839\" src=\"https:\/\/mhconsultancy.com.tr\/tr\/wp-content\/uploads\/sites\/3\/2025\/10\/catering.webp\" class=\"attachment-large size-large wp-image-10464\" alt=\"\" srcset=\"https:\/\/mhconsultancy.com.tr\/tr\/wp-content\/uploads\/sites\/3\/2025\/10\/catering.webp 880w, https:\/\/mhconsultancy.com.tr\/tr\/wp-content\/uploads\/sites\/3\/2025\/10\/catering-279x300.webp 279w\" sizes=\"(max-width: 780px) 100vw, 780px\" \/>\t\t\t\t\t\t\t\t\t\t\t\t\t\t\t<\/div>\n\t\t\t\t<\/div>\n\t\t<div class=\"elementor-element elementor-element-0a5309c e-con-full e-flex e-con e-child\" data-id=\"0a5309c\" data-element_type=\"container\">\n\t\t<div class=\"elementor-element elementor-element-dd6ef09 e-con-full e-flex e-con e-child\" data-id=\"dd6ef09\" data-element_type=\"container\">\n\t\t<div class=\"elementor-element elementor-element-8d74f6b e-con-full e-flex e-con e-child\" data-id=\"8d74f6b\" data-element_type=\"container\">\n\t\t<div class=\"elementor-element elementor-element-a13a11e e-con-full e-flex e-con e-child\" data-id=\"a13a11e\" data-element_type=\"container\">\n\t\t\t\t<div class=\"elementor-element elementor-element-76423eb elementor-widget elementor-widget-hub_fancy_heading\" data-id=\"76423eb\" data-element_type=\"widget\" data-widget_type=\"hub_fancy_heading.default\">\n\t\t\t\t<div class=\"elementor-widget-container\">\n\t\t\t\t\t\n\t\t<div id=\"ld-fancy-heading-69de192e36296\" class=\"ld-fancy-heading pos-rel\">\n\t\t\t\t\t<\/div>\n\n\t\t\t\t\t\t<\/div>\n\t\t\t\t<\/div>\n\t\t\t\t<\/div>\n\t\t<div class=\"elementor-element elementor-element-bf19ced e-con-full e-flex e-con e-child\" data-id=\"bf19ced\" data-element_type=\"container\">\n\t\t\t\t<div class=\"elementor-element elementor-element-6887114 elementor-widget elementor-widget-image\" data-id=\"6887114\" data-element_type=\"widget\" data-widget_type=\"image.default\">\n\t\t\t\t\t\t\t\t\t\t\t\t\t\t\t<img decoding=\"async\" width=\"256\" height=\"72\" src=\"data:image\/svg+xml;charset=utf-8,%3Csvg xmlns%3D&#039;http%3A%2F%2Fwww.w3.org%2F2000%2Fsvg&#039; viewBox%3D&#039;0 0 256 72&#039;%2F%3E\" class=\"attachment-medium size-medium wp-image-10518 ld-lazyload\" alt=\"\" data-src=\"https:\/\/mhconsultancy.com.tr\/tr\/wp-content\/uploads\/sites\/3\/2025\/10\/oyak.webp\" data-aspect=\"3.5555555555556\" \/>\t\t\t\t\t\t\t\t\t\t\t\t\t\t\t<\/div>\n\t\t\t\t<\/div>\n\t\t\t\t<\/div>\n\t\t\t\t<\/div>\n\t\t<div class=\"elementor-element elementor-element-e1b9086 e-con-full e-flex e-con e-child\" data-id=\"e1b9086\" data-element_type=\"container\">\n\t\t<div class=\"elementor-element elementor-element-1aefe72 e-con-full e-flex e-con e-child\" data-id=\"1aefe72\" data-element_type=\"container\">\n\t\t\t\t<div class=\"elementor-element elementor-element-7b5e910 elementor-widget elementor-widget-hub_fancy_heading\" data-id=\"7b5e910\" data-element_type=\"widget\" data-widget_type=\"hub_fancy_heading.default\">\n\t\t\t\t<div class=\"elementor-widget-container\">\n\t\t\t\t\t\n\t\t<div id=\"ld-fancy-heading-69de192e36f09\" class=\"ld-fancy-heading pos-rel\">\n\t\t\t<h2 class=\"ld-fh-element d-inline-block pos-rel  elementor-heading-title lqd-highlight-classic lqd-highlight-grow-left h2\"  > Catering<\/h2>\t\t<\/div>\n\n\t\t\t\t\t\t<\/div>\n\t\t\t\t<\/div>\n\t\t\t\t<div class=\"elementor-element elementor-element-9d2ad5f elementor-widget elementor-widget-hub_fancy_heading\" data-id=\"9d2ad5f\" data-element_type=\"widget\" data-widget_type=\"hub_fancy_heading.default\">\n\t\t\t\t<div class=\"elementor-widget-container\">\n\t\t\t\t\t\n\t\t<div id=\"ld-fancy-heading-69de192e379e8\" class=\"ld-fancy-heading pos-rel\">\n\t\t\t<p class=\"ld-fh-element d-inline-block pos-rel  lqd-highlight-classic lqd-highlight-grow-left p\"  > <b>H\u0130ZMET: <\/b>CATERING\n\n<b>&nbsp;&nbsp;&nbsp;&nbsp;|&nbsp;&nbsp;&nbsp;&nbsp;  LOKASYON:<\/b> T\u00dcRK\u0130YE, KAZAK\u0130STAN, KIRGIZ\u0130STAN<\/p>\t\t<\/div>\n\n\t\t\t\t\t\t<\/div>\n\t\t\t\t<\/div>\n\t\t\t\t<div class=\"elementor-element elementor-element-ba6f84b elementor-widget__width-initial elementor-widget-mobile__width-initial elementor-widget elementor-widget-hub_fancy_heading\" data-id=\"ba6f84b\" data-element_type=\"widget\" data-widget_type=\"hub_fancy_heading.default\">\n\t\t\t\t<div class=\"elementor-widget-container\">\n\t\t\t\t\t\n\t\t<div id=\"ld-fancy-heading-69de192e38333\" class=\"ld-fancy-heading pos-rel\">\n\t\t\t<p class=\"ld-fh-element d-inline-block pos-rel  lqd-highlight-classic lqd-highlight-grow-left p\"  > Gastronomi tutkusunu stratejik yakla\u015f\u0131m ve giri\u015fimcilik vizyonuyla birle\u015ftiren MH Consultancy, g\u0131da i\u015fletme hizmetleri alan\u0131nda \u00f6zel \u00e7\u00f6z\u00fcmler sunarak sekt\u00f6rde fark yarat\u0131r. <\/p>\t\t<\/div>\n\n\t\t\t\t\t\t<\/div>\n\t\t\t\t<\/div>\n\t\t\t\t<\/div>\n\t\t\t\t<\/div>\n\t\t\t\t<\/div>\n\t\t\t\t<\/div>\n\t\t<div class=\"elementor-element elementor-element-dc0fd7d e-con-full e-flex e-con e-parent\" data-id=\"dc0fd7d\" data-element_type=\"container\">\n\t\t<div class=\"elementor-element elementor-element-ce54293 e-con-full e-flex e-con e-child\" data-id=\"ce54293\" data-element_type=\"container\">\n\t\t<div class=\"elementor-element elementor-element-eaa711f e-con-full e-flex e-con e-child\" data-id=\"eaa711f\" data-element_type=\"container\">\n\t\t<div class=\"elementor-element elementor-element-76793aa e-con-full e-flex e-con e-child\" data-id=\"76793aa\" data-element_type=\"container\">\n\t\t<div class=\"elementor-element elementor-element-7891bdc e-con-full e-flex e-con e-child\" data-id=\"7891bdc\" data-element_type=\"container\">\n\t\t\t\t<\/div>\n\t\t<div class=\"elementor-element elementor-element-4dee7e8 e-con-full e-flex e-con e-child\" data-id=\"4dee7e8\" data-element_type=\"container\">\n\t\t\t\t<div class=\"elementor-element elementor-element-5b2788d elementor-widget elementor-widget-hub_fancy_heading\" data-id=\"5b2788d\" data-element_type=\"widget\" data-widget_type=\"hub_fancy_heading.default\">\n\t\t\t\t<div class=\"elementor-widget-container\">\n\t\t\t\t\t\n\t\t<div id=\"ld-fancy-heading-69de192e38cd0\" class=\"ld-fancy-heading pos-rel\">\n\t\t\t<p class=\"ld-fh-element d-inline-block pos-rel  lqd-highlight-classic lqd-highlight-grow-left p\"  > <b>MARKA:<\/b> PASCO\n<br><b>\u015e\u0130RKET:<\/b> PASCO T\u00dcRK\u0130YE<\/p>\t\t<\/div>\n\n\t\t\t\t\t\t<\/div>\n\t\t\t\t<\/div>\n\t\t\t\t<\/div>\n\t\t<div class=\"elementor-element elementor-element-c5a8895 e-con-full e-flex e-con e-child\" data-id=\"c5a8895\" data-element_type=\"container\">\n\t\t\t\t<div class=\"elementor-element elementor-element-27d351c elementor-widget elementor-widget-image\" data-id=\"27d351c\" data-element_type=\"widget\" data-widget_type=\"image.default\">\n\t\t\t\t\t\t\t\t\t\t\t\t\t\t\t<img decoding=\"async\" width=\"128\" height=\"50\" src=\"data:image\/svg+xml;charset=utf-8,%3Csvg xmlns%3D&#039;http%3A%2F%2Fwww.w3.org%2F2000%2Fsvg&#039; viewBox%3D&#039;0 0 128 50&#039;%2F%3E\" class=\"attachment-medium size-medium wp-image-10519 ld-lazyload\" alt=\"\" data-src=\"https:\/\/mhconsultancy.com.tr\/tr\/wp-content\/uploads\/sites\/3\/2025\/10\/pasco-logo.webp\" data-aspect=\"2.56\" \/>\t\t\t\t\t\t\t\t\t\t\t\t\t\t\t<\/div>\n\t\t\t\t<\/div>\n\t\t\t\t<\/div>\n\t\t\t\t<\/div>\n\t\t<div class=\"elementor-element elementor-element-fb40fe3 e-con-full e-flex e-con e-child\" data-id=\"fb40fe3\" data-element_type=\"container\">\n\t\t<div class=\"elementor-element elementor-element-5c26bd0 e-con-full e-flex e-con e-child\" data-id=\"5c26bd0\" data-element_type=\"container\">\n\t\t\t\t<div class=\"elementor-element elementor-element-530489e elementor-widget elementor-widget-hub_fancy_heading\" data-id=\"530489e\" data-element_type=\"widget\" data-widget_type=\"hub_fancy_heading.default\">\n\t\t\t\t<div class=\"elementor-widget-container\">\n\t\t\t\t\t\n\t\t<div id=\"ld-fancy-heading-69de192e39674\" class=\"ld-fancy-heading pos-rel\">\n\t\t\t<h2 class=\"ld-fh-element d-inline-block pos-rel  elementor-heading-title lqd-highlight-classic lqd-highlight-grow-left h2\"  > Catering<\/h2>\t\t<\/div>\n\n\t\t\t\t\t\t<\/div>\n\t\t\t\t<\/div>\n\t\t\t\t<div class=\"elementor-element elementor-element-54b7dcb elementor-widget elementor-widget-hub_fancy_heading\" data-id=\"54b7dcb\" data-element_type=\"widget\" data-widget_type=\"hub_fancy_heading.default\">\n\t\t\t\t<div class=\"elementor-widget-container\">\n\t\t\t\t\t\n\t\t<div id=\"ld-fancy-heading-69de192e39f89\" class=\"ld-fancy-heading pos-rel\">\n\t\t\t<p class=\"ld-fh-element d-inline-block pos-rel  lqd-highlight-classic lqd-highlight-grow-left p\"  > <b>H\u0130ZMET: <\/b>\u0130\u015e ORTA\u011eI\n\n<b>&nbsp;&nbsp;&nbsp;&nbsp;|&nbsp;&nbsp;&nbsp;&nbsp;  LOKASYON:<\/b> T\u00dcRK\u0130YE<\/p>\t\t<\/div>\n\n\t\t\t\t\t\t<\/div>\n\t\t\t\t<\/div>\n\t\t\t\t<div class=\"elementor-element elementor-element-ba3dbf7 elementor-widget__width-initial elementor-widget-mobile__width-initial elementor-widget elementor-widget-hub_fancy_heading\" data-id=\"ba3dbf7\" data-element_type=\"widget\" data-widget_type=\"hub_fancy_heading.default\">\n\t\t\t\t<div class=\"elementor-widget-container\">\n\t\t\t\t\t\n\t\t<div id=\"ld-fancy-heading-69de192e3a884\" class=\"ld-fancy-heading pos-rel\">\n\t\t\t<p class=\"ld-fh-element d-inline-block pos-rel  lqd-highlight-classic lqd-highlight-grow-left p\"  > Stratejik i\u015f birli\u011fi kapsam\u0131nda, Pasco T\u00fcrkiye ile yemek hizmetlerinde de\u011fer katan projelerin hayata ge\u00e7irilmesi sa\u011flanmaktad\u0131r.\n<\/p>\t\t<\/div>\n\n\t\t\t\t\t\t<\/div>\n\t\t\t\t<\/div>\n\t\t\t\t<\/div>\n\t\t\t\t<\/div>\n\t\t\t\t<\/div>\n\t\t<div class=\"elementor-element elementor-element-a510cc9 e-con-full e-flex e-con e-child\" data-id=\"a510cc9\" data-element_type=\"container\">\n\t\t\t\t<div class=\"elementor-element elementor-element-698180e elementor-widget elementor-widget-image\" data-id=\"698180e\" data-element_type=\"widget\" data-widget_type=\"image.default\">\n\t\t\t\t\t\t\t\t\t\t\t\t\t\t\t<img loading=\"lazy\" decoding=\"async\" width=\"780\" height=\"824\" src=\"data:image\/svg+xml;charset=utf-8,%3Csvg xmlns%3D&#039;http%3A%2F%2Fwww.w3.org%2F2000%2Fsvg&#039; viewBox%3D&#039;0 0 895 946&#039;%2F%3E\" class=\"attachment-large size-large wp-image-10520 ld-lazyload\" alt=\"\" data-src=\"https:\/\/mhconsultancy.com.tr\/tr\/wp-content\/uploads\/sites\/3\/2025\/10\/pasco.webp\" data-srcset=\"https:\/\/mhconsultancy.com.tr\/tr\/wp-content\/uploads\/sites\/3\/2025\/10\/pasco.webp 895w, https:\/\/mhconsultancy.com.tr\/tr\/wp-content\/uploads\/sites\/3\/2025\/10\/pasco-284x300.webp 284w\" data-sizes=\"(max-width: 780px) 100vw, 780px\" data-aspect=\"0.946088794926\" \/>\t\t\t\t\t\t\t\t\t\t\t\t\t\t\t<\/div>\n\t\t\t\t<\/div>\n\t\t\t\t<\/div>\n\t\t\t\t<\/div>\n\t\t","protected":false},"excerpt":{"rendered":"<p>Catering H\u0130ZMET: CATERING &nbsp;&nbsp;&nbsp;&nbsp;|&nbsp;&nbsp;&nbsp;&nbsp; LOKASYON: T\u00dcRK\u0130YE, KAZAK\u0130STAN, KIRGIZ\u0130STAN Gastronomi tutkusunu stratejik yakla\u015f\u0131m ve giri\u015fimcilik vizyonuyla birle\u015ftiren MH Consultancy, g\u0131da i\u015fletme hizmetleri alan\u0131nda \u00f6zel \u00e7\u00f6z\u00fcmler sunarak sekt\u00f6rde fark yarat\u0131r. MARKA: PASCO \u015e\u0130RKET: PASCO T\u00dcRK\u0130YE Catering H\u0130ZMET: \u0130\u015e ORTA\u011eI &nbsp;&nbsp;&nbsp;&nbsp;|&nbsp;&nbsp;&nbsp;&nbsp; LOKASYON: T\u00dcRK\u0130YE Stratejik i\u015f birli\u011fi kapsam\u0131nda, Pasco T\u00fcrkiye ile yemek hizmetlerinde de\u011fer katan projelerin hayata ge\u00e7irilmesi sa\u011flanmaktad\u0131r.<\/p>\n","protected":false},"author":1,"featured_media":0,"parent":0,"menu_order":0,"comment_status":"closed","ping_status":"closed","template":"","meta":{"footnotes":""},"class_list":["post-10516","page","type-page","status-publish","hentry"],"_links":{"self":[{"href":"https:\/\/mhconsultancy.com.tr\/tr\/wp-json\/wp\/v2\/pages\/10516","targetHints":{"allow":["GET"]}}],"collection":[{"href":"https:\/\/mhconsultancy.com.tr\/tr\/wp-json\/wp\/v2\/pages"}],"about":[{"href":"https:\/\/mhconsultancy.com.tr\/tr\/wp-json\/wp\/v2\/types\/page"}],"author":[{"embeddable":true,"href":"https:\/\/mhconsultancy.com.tr\/tr\/wp-json\/wp\/v2\/users\/1"}],"replies":[{"embeddable":true,"href":"https:\/\/mhconsultancy.com.tr\/tr\/wp-json\/wp\/v2\/comments?post=10516"}],"version-history":[{"count":4,"href":"https:\/\/mhconsultancy.com.tr\/tr\/wp-json\/wp\/v2\/pages\/10516\/revisions"}],"predecessor-version":[{"id":10523,"href":"https:\/\/mhconsultancy.com.tr\/tr\/wp-json\/wp\/v2\/pages\/10516\/revisions\/10523"}],"wp:attachment":[{"href":"https:\/\/mhconsultancy.com.tr\/tr\/wp-json\/wp\/v2\/media?parent=10516"}],"curies":[{"name":"wp","href":"https:\/\/api.w.org\/{rel}","templated":true}]}}