{"id":10531,"date":"2025-10-23T20:10:11","date_gmt":"2025-10-23T17:10:11","guid":{"rendered":"https:\/\/mhconsultancy.com.tr\/tr\/?page_id=10531"},"modified":"2025-10-23T20:13:24","modified_gmt":"2025-10-23T17:13:24","slug":"kimya-endustrisi","status":"publish","type":"page","link":"https:\/\/mhconsultancy.com.tr\/tr\/kimya-endustrisi\/","title":{"rendered":"Kimya End\u00fcstrisi"},"content":{"rendered":"\t\t<div data-elementor-type=\"wp-page\" data-elementor-id=\"10531\" class=\"elementor elementor-10531\">\n\t\t\t\t<div class=\"elementor-element elementor-element-11320b3 e-con-full e-flex e-con e-parent\" data-id=\"11320b3\" data-element_type=\"container\">\n\t\t<div class=\"elementor-element elementor-element-427fcf1 e-con-full e-flex e-con e-child\" data-id=\"427fcf1\" data-element_type=\"container\">\n\t\t\t\t<div class=\"elementor-element elementor-element-84dfa5a elementor-widget elementor-widget-image\" data-id=\"84dfa5a\" data-element_type=\"widget\" data-widget_type=\"image.default\">\n\t\t\t\t\t\t\t\t\t\t\t\t\t\t\t<img fetchpriority=\"high\" decoding=\"async\" width=\"780\" height=\"840\" src=\"https:\/\/mhconsultancy.com.tr\/tr\/wp-content\/uploads\/sites\/3\/2025\/10\/chemical-951x1024.webp\" class=\"attachment-large size-large wp-image-10533\" alt=\"\" srcset=\"https:\/\/mhconsultancy.com.tr\/tr\/wp-content\/uploads\/sites\/3\/2025\/10\/chemical-951x1024.webp 951w, https:\/\/mhconsultancy.com.tr\/tr\/wp-content\/uploads\/sites\/3\/2025\/10\/chemical-279x300.webp 279w, https:\/\/mhconsultancy.com.tr\/tr\/wp-content\/uploads\/sites\/3\/2025\/10\/chemical.webp 1173w\" sizes=\"(max-width: 780px) 100vw, 780px\" \/>\t\t\t\t\t\t\t\t\t\t\t\t\t\t\t<\/div>\n\t\t\t\t<\/div>\n\t\t<div class=\"elementor-element elementor-element-653d614 e-con-full e-flex e-con e-child\" data-id=\"653d614\" data-element_type=\"container\">\n\t\t<div class=\"elementor-element elementor-element-abf7b89 e-con-full e-flex e-con e-child\" data-id=\"abf7b89\" data-element_type=\"container\">\n\t\t<div class=\"elementor-element elementor-element-9251cab e-con-full e-flex e-con e-child\" data-id=\"9251cab\" data-element_type=\"container\">\n\t\t<div class=\"elementor-element elementor-element-f045d99 e-con-full e-flex e-con e-child\" data-id=\"f045d99\" data-element_type=\"container\">\n\t\t\t\t<div class=\"elementor-element elementor-element-dd115d7 elementor-widget elementor-widget-hub_fancy_heading\" data-id=\"dd115d7\" data-element_type=\"widget\" data-widget_type=\"hub_fancy_heading.default\">\n\t\t\t\t<div class=\"elementor-widget-container\">\n\t\t\t\t\t\n\t\t<div id=\"ld-fancy-heading-69de138b2f6ac\" class=\"ld-fancy-heading pos-rel\">\n\t\t\t<p class=\"ld-fh-element d-inline-block pos-rel  lqd-highlight-classic lqd-highlight-grow-left p\"  > <b>\u00c7\u00d6Z\u00dcM ORTA\u011eI: <\/b> OYAK HOLDING\n\n<br><b>\u015e\u0130RKET:<\/b> AKDEN\u0130Z CHEMSON<\/p>\t\t<\/div>\n\n\t\t\t\t\t\t<\/div>\n\t\t\t\t<\/div>\n\t\t\t\t<\/div>\n\t\t<div class=\"elementor-element elementor-element-cf0a6dc e-con-full e-flex e-con e-child\" data-id=\"cf0a6dc\" data-element_type=\"container\">\n\t\t\t\t<div class=\"elementor-element elementor-element-fa4c55d elementor-widget elementor-widget-image\" data-id=\"fa4c55d\" data-element_type=\"widget\" data-widget_type=\"image.default\">\n\t\t\t\t\t\t\t\t\t\t\t\t\t\t\t<img decoding=\"async\" width=\"300\" height=\"53\" src=\"data:image\/svg+xml;charset=utf-8,%3Csvg xmlns%3D&#039;http%3A%2F%2Fwww.w3.org%2F2000%2Fsvg&#039; viewBox%3D&#039;0 0 300 53&#039;%2F%3E\" class=\"attachment-medium size-medium wp-image-10534 ld-lazyload\" alt=\"\" data-src=\"https:\/\/mhconsultancy.com.tr\/tr\/wp-content\/uploads\/sites\/3\/2025\/10\/2-300x53.webp\" data-srcset=\"https:\/\/mhconsultancy.com.tr\/tr\/wp-content\/uploads\/sites\/3\/2025\/10\/2-300x53.webp 300w, https:\/\/mhconsultancy.com.tr\/tr\/wp-content\/uploads\/sites\/3\/2025\/10\/2.webp 514w\" data-sizes=\"(max-width: 300px) 100vw, 300px\" data-aspect=\"5.6603773584906\" \/>\t\t\t\t\t\t\t\t\t\t\t\t\t\t\t<\/div>\n\t\t\t\t<\/div>\n\t\t\t\t<\/div>\n\t\t\t\t<div class=\"elementor-element elementor-element-eeb7d9b elementor-widget elementor-widget-hub_fancy_heading\" data-id=\"eeb7d9b\" data-element_type=\"widget\" data-widget_type=\"hub_fancy_heading.default\">\n\t\t\t\t<div class=\"elementor-widget-container\">\n\t\t\t\t\t\n\t\t<div id=\"ld-fancy-heading-69de138b30263\" class=\"ld-fancy-heading pos-rel\">\n\t\t\t<p class=\"ld-fh-element d-inline-block pos-rel  lqd-highlight-classic lqd-highlight-grow-left p\"  > <b>WEB:<\/b><a href=\"https:\/\/akdenizchemson.com\" target=\"_blank\" rel=\"noopener\"> www.akdenizchemson.com<\/a>\n\n<b>&nbsp;&nbsp;&nbsp;&nbsp;|&nbsp;&nbsp;&nbsp;&nbsp; <\/b><a href=\"https:\/\/kolektifmind.com\/mhc\/catalog\/MH%20Led%202025%20web.pdf\" target=\"_blank\" rel=\"noopener\"> <\/a><\/p>\t\t<\/div>\n\n\t\t\t\t\t\t<\/div>\n\t\t\t\t<\/div>\n\t\t\t\t<\/div>\n\t\t<div class=\"elementor-element elementor-element-0e77e23 e-con-full e-flex e-con e-child\" data-id=\"0e77e23\" data-element_type=\"container\">\n\t\t<div class=\"elementor-element elementor-element-8e7250d e-con-full e-flex e-con e-child\" data-id=\"8e7250d\" data-element_type=\"container\">\n\t\t\t\t<div class=\"elementor-element elementor-element-5e70f5b elementor-widget elementor-widget-hub_fancy_heading\" data-id=\"5e70f5b\" data-element_type=\"widget\" data-widget_type=\"hub_fancy_heading.default\">\n\t\t\t\t<div class=\"elementor-widget-container\">\n\t\t\t\t\t\n\t\t<div id=\"ld-fancy-heading-69de138b30d24\" class=\"ld-fancy-heading pos-rel\">\n\t\t\t<h2 class=\"ld-fh-element d-inline-block pos-rel  elementor-heading-title lqd-highlight-classic lqd-highlight-grow-left h2\"  > Kimya End\u00fcstrisi<\/h2>\t\t<\/div>\n\n\t\t\t\t\t\t<\/div>\n\t\t\t\t<\/div>\n\t\t\t\t<div class=\"elementor-element elementor-element-fa0bd25 elementor-widget elementor-widget-hub_fancy_heading\" data-id=\"fa0bd25\" data-element_type=\"widget\" data-widget_type=\"hub_fancy_heading.default\">\n\t\t\t\t<div class=\"elementor-widget-container\">\n\t\t\t\t\t\n\t\t<div id=\"ld-fancy-heading-69de138b31647\" class=\"ld-fancy-heading pos-rel\">\n\t\t\t<p class=\"ld-fh-element d-inline-block pos-rel  lqd-highlight-classic lqd-highlight-grow-left p\"  > <b>H\u0130ZMET: <\/b>D\u0130STR\u0130B\u00dcT\u00d6RL\u00dcK\n\n<b>&nbsp;&nbsp;&nbsp;&nbsp;|&nbsp;&nbsp;&nbsp;&nbsp;  LOKASYON:<\/b> KAZAK\u0130STAN, KIRGIZ\u0130STAN, RUSYA<\/p>\t\t<\/div>\n\n\t\t\t\t\t\t<\/div>\n\t\t\t\t<\/div>\n\t\t\t\t<div class=\"elementor-element elementor-element-2796ad0 elementor-widget__width-initial elementor-widget-mobile__width-initial elementor-widget elementor-widget-hub_fancy_heading\" data-id=\"2796ad0\" data-element_type=\"widget\" data-widget_type=\"hub_fancy_heading.default\">\n\t\t\t\t<div class=\"elementor-widget-container\">\n\t\t\t\t\t\n\t\t<div id=\"ld-fancy-heading-69de138b3205e\" class=\"ld-fancy-heading pos-rel\">\n\t\t\t<p class=\"ld-fh-element d-inline-block pos-rel  lqd-highlight-classic lqd-highlight-grow-left p\"  > Son teknoloji \u00fcretim tesisleri, sekt\u00f6rel tecr\u00fcbesi ve yenilik\u00e7i anlay\u0131\u015f\u0131 ile Akdeniz Chemson, PVC stabilizat\u00f6rlerinde bir d\u00fcnya markas\u0131d\u0131r. \u0130nsan odakl\u0131 yakla\u015f\u0131m\u0131 neticesinde hem yerel hem de uluslararas\u0131 pazarlarda g\u00fc\u00e7l\u00fc bir konum elde etmi\u015ftir.\n<br><br>MH Consultancy, Akdeniz Chemson\u2019un Kazakistan, K\u0131rg\u0131zistan ve Rusya\u2019daki stratejik distrib\u00fct\u00f6r\u00fcd\u00fcr.\n<\/p>\t\t<\/div>\n\n\t\t\t\t\t\t<\/div>\n\t\t\t\t<\/div>\n\t\t\t\t<\/div>\n\t\t\t\t<\/div>\n\t\t\t\t<\/div>\n\t\t\t\t<\/div>\n\t\t\t\t<\/div>\n\t\t","protected":false},"excerpt":{"rendered":"<p>\u00c7\u00d6Z\u00dcM ORTA\u011eI: OYAK HOLDING \u015e\u0130RKET: AKDEN\u0130Z CHEMSON WEB: www.akdenizchemson.com &nbsp;&nbsp;&nbsp;&nbsp;|&nbsp;&nbsp;&nbsp;&nbsp; Kimya End\u00fcstrisi H\u0130ZMET: D\u0130STR\u0130B\u00dcT\u00d6RL\u00dcK &nbsp;&nbsp;&nbsp;&nbsp;|&nbsp;&nbsp;&nbsp;&nbsp; LOKASYON: KAZAK\u0130STAN, KIRGIZ\u0130STAN, RUSYA Son teknoloji \u00fcretim tesisleri, sekt\u00f6rel tecr\u00fcbesi ve yenilik\u00e7i anlay\u0131\u015f\u0131 ile Akdeniz Chemson, PVC stabilizat\u00f6rlerinde bir d\u00fcnya markas\u0131d\u0131r. \u0130nsan odakl\u0131 yakla\u015f\u0131m\u0131 neticesinde hem yerel hem de uluslararas\u0131 pazarlarda g\u00fc\u00e7l\u00fc bir konum elde etmi\u015ftir. MH Consultancy, Akdeniz Chemson\u2019un [&hellip;]<\/p>\n","protected":false},"author":1,"featured_media":0,"parent":0,"menu_order":0,"comment_status":"closed","ping_status":"closed","template":"","meta":{"footnotes":""},"class_list":["post-10531","page","type-page","status-publish","hentry"],"_links":{"self":[{"href":"https:\/\/mhconsultancy.com.tr\/tr\/wp-json\/wp\/v2\/pages\/10531","targetHints":{"allow":["GET"]}}],"collection":[{"href":"https:\/\/mhconsultancy.com.tr\/tr\/wp-json\/wp\/v2\/pages"}],"about":[{"href":"https:\/\/mhconsultancy.com.tr\/tr\/wp-json\/wp\/v2\/types\/page"}],"author":[{"embeddable":true,"href":"https:\/\/mhconsultancy.com.tr\/tr\/wp-json\/wp\/v2\/users\/1"}],"replies":[{"embeddable":true,"href":"https:\/\/mhconsultancy.com.tr\/tr\/wp-json\/wp\/v2\/comments?post=10531"}],"version-history":[{"count":4,"href":"https:\/\/mhconsultancy.com.tr\/tr\/wp-json\/wp\/v2\/pages\/10531\/revisions"}],"predecessor-version":[{"id":10538,"href":"https:\/\/mhconsultancy.com.tr\/tr\/wp-json\/wp\/v2\/pages\/10531\/revisions\/10538"}],"wp:attachment":[{"href":"https:\/\/mhconsultancy.com.tr\/tr\/wp-json\/wp\/v2\/media?parent=10531"}],"curies":[{"name":"wp","href":"https:\/\/api.w.org\/{rel}","templated":true}]}}