{"id":10545,"date":"2025-10-23T20:16:44","date_gmt":"2025-10-23T17:16:44","guid":{"rendered":"https:\/\/mhconsultancy.com.tr\/tr\/?page_id=10545"},"modified":"2025-10-23T20:18:23","modified_gmt":"2025-10-23T17:18:23","slug":"konaklama-yonetim","status":"publish","type":"page","link":"https:\/\/mhconsultancy.com.tr\/tr\/konaklama-yonetim\/","title":{"rendered":"Konaklama &amp; Y\u00f6netim"},"content":{"rendered":"\t\t<div data-elementor-type=\"wp-page\" data-elementor-id=\"10545\" class=\"elementor elementor-10545\">\n\t\t\t\t<div class=\"elementor-element elementor-element-3ef4c94 e-con-full e-flex e-con e-parent\" data-id=\"3ef4c94\" data-element_type=\"container\">\n\t\t<div class=\"elementor-element elementor-element-a38026b e-con-full e-flex e-con e-child\" data-id=\"a38026b\" data-element_type=\"container\">\n\t\t\t\t<div class=\"elementor-element elementor-element-279d897 elementor-widget elementor-widget-image\" data-id=\"279d897\" data-element_type=\"widget\" data-widget_type=\"image.default\">\n\t\t\t\t\t\t\t\t\t\t\t\t\t\t\t<img fetchpriority=\"high\" decoding=\"async\" width=\"760\" height=\"640\" src=\"https:\/\/mhconsultancy.com.tr\/tr\/wp-content\/uploads\/sites\/3\/2025\/10\/StockCake-Friendly-Business-Interaction_1759493758-760x640.jpg\" class=\"attachment-liquid-portfolio-sq size-liquid-portfolio-sq wp-image-10465\" alt=\"\" \/>\t\t\t\t\t\t\t\t\t\t\t\t\t\t\t<\/div>\n\t\t\t\t<\/div>\n\t\t<div class=\"elementor-element elementor-element-44b94f8 e-con-full e-flex e-con e-child\" data-id=\"44b94f8\" data-element_type=\"container\">\n\t\t<div class=\"elementor-element elementor-element-f002c92 e-con-full e-flex e-con e-child\" data-id=\"f002c92\" data-element_type=\"container\">\n\t\t<div class=\"elementor-element elementor-element-9448a84 e-con-full e-flex e-con e-child\" data-id=\"9448a84\" data-element_type=\"container\">\n\t\t<div class=\"elementor-element elementor-element-cafad55 e-con-full e-flex e-con e-child\" data-id=\"cafad55\" data-element_type=\"container\">\n\t\t\t\t<div class=\"elementor-element elementor-element-8c1fa7a elementor-widget elementor-widget-hub_fancy_heading\" data-id=\"8c1fa7a\" data-element_type=\"widget\" data-widget_type=\"hub_fancy_heading.default\">\n\t\t\t\t<div class=\"elementor-widget-container\">\n\t\t\t\t\t\n\t\t<div id=\"ld-fancy-heading-69de138b85a5e\" class=\"ld-fancy-heading pos-rel\">\n\t\t\t\t\t<\/div>\n\n\t\t\t\t\t\t<\/div>\n\t\t\t\t<\/div>\n\t\t\t\t<\/div>\n\t\t<div class=\"elementor-element elementor-element-2e9cbcd e-con-full e-flex e-con e-child\" data-id=\"2e9cbcd\" data-element_type=\"container\">\n\t\t\t\t<\/div>\n\t\t\t\t<\/div>\n\t\t\t\t<\/div>\n\t\t<div class=\"elementor-element elementor-element-282917a e-con-full e-flex e-con e-child\" data-id=\"282917a\" data-element_type=\"container\">\n\t\t<div class=\"elementor-element elementor-element-174159d e-con-full e-flex e-con e-child\" data-id=\"174159d\" data-element_type=\"container\">\n\t\t\t\t<div class=\"elementor-element elementor-element-3e3aec0 elementor-widget elementor-widget-hub_fancy_heading\" data-id=\"3e3aec0\" data-element_type=\"widget\" data-widget_type=\"hub_fancy_heading.default\">\n\t\t\t\t<div class=\"elementor-widget-container\">\n\t\t\t\t\t\n\t\t<div id=\"ld-fancy-heading-69de138b867f6\" class=\"ld-fancy-heading pos-rel\">\n\t\t\t<h2 class=\"ld-fh-element d-inline-block pos-rel  elementor-heading-title lqd-highlight-classic lqd-highlight-grow-left h2\"  > Konaklama &amp; Y\u00f6netim<\/h2>\t\t<\/div>\n\n\t\t\t\t\t\t<\/div>\n\t\t\t\t<\/div>\n\t\t\t\t<div class=\"elementor-element elementor-element-3f54622 elementor-widget elementor-widget-hub_fancy_heading\" data-id=\"3f54622\" data-element_type=\"widget\" data-widget_type=\"hub_fancy_heading.default\">\n\t\t\t\t<div class=\"elementor-widget-container\">\n\t\t\t\t\t\n\t\t<div id=\"ld-fancy-heading-69de138b87381\" class=\"ld-fancy-heading pos-rel\">\n\t\t\t<p class=\"ld-fh-element d-inline-block pos-rel  lqd-highlight-classic lqd-highlight-grow-left p\"  > <b>H\u0130ZMET: <\/b>KONAKLAMA VE Y\u00d6NET\u0130M\n\n<b>&nbsp;&nbsp;&nbsp;&nbsp;|&nbsp;&nbsp;&nbsp;&nbsp;  LOKASYON:<\/b> T\u00dcRK\u0130YE, L\u0130BYA, MISIR<\/p>\t\t<\/div>\n\n\t\t\t\t\t\t<\/div>\n\t\t\t\t<\/div>\n\t\t\t\t<div class=\"elementor-element elementor-element-e44c19c elementor-widget__width-initial elementor-widget-mobile__width-initial elementor-widget elementor-widget-hub_fancy_heading\" data-id=\"e44c19c\" data-element_type=\"widget\" data-widget_type=\"hub_fancy_heading.default\">\n\t\t\t\t<div class=\"elementor-widget-container\">\n\t\t\t\t\t\n\t\t<div id=\"ld-fancy-heading-69de138b87dfa\" class=\"ld-fancy-heading pos-rel\">\n\t\t\t<p class=\"ld-fh-element d-inline-block pos-rel  lqd-highlight-classic lqd-highlight-grow-left p\"  > Konaklama sekt\u00f6r\u00fcnde ba\u015far\u0131y\u0131 yakalamak; misafir beklentilerini a\u015fan deneyimler tasarlamak, operasyonlar\u0131 verimli k\u0131lmak ve s\u00fcrd\u00fcr\u00fclebilir gelir modelleri olu\u015fturmakla m\u00fcmk\u00fcnd\u00fcr. MH Consultancy; T\u00fcrkiye, Libya ve M\u0131s\u0131r\u2019da bu anlay\u0131\u015fla geli\u015ftirdi\u011fi stratejik \u00e7\u00f6z\u00fcmlerle otel ve turizm i\u015fletmelerine rehberlik etmektedir.\n<\/p>\t\t<\/div>\n\n\t\t\t\t\t\t<\/div>\n\t\t\t\t<\/div>\n\t\t\t\t<\/div>\n\t\t\t\t<\/div>\n\t\t\t\t<\/div>\n\t\t\t\t<\/div>\n\t\t\t\t<\/div>\n\t\t","protected":false},"excerpt":{"rendered":"<p>Konaklama &amp; Y\u00f6netim H\u0130ZMET: KONAKLAMA VE Y\u00d6NET\u0130M &nbsp;&nbsp;&nbsp;&nbsp;|&nbsp;&nbsp;&nbsp;&nbsp; LOKASYON: T\u00dcRK\u0130YE, L\u0130BYA, MISIR Konaklama sekt\u00f6r\u00fcnde ba\u015far\u0131y\u0131 yakalamak; misafir beklentilerini a\u015fan deneyimler tasarlamak, operasyonlar\u0131 verimli k\u0131lmak ve s\u00fcrd\u00fcr\u00fclebilir gelir modelleri olu\u015fturmakla m\u00fcmk\u00fcnd\u00fcr. MH Consultancy; T\u00fcrkiye, Libya ve M\u0131s\u0131r\u2019da bu anlay\u0131\u015fla geli\u015ftirdi\u011fi stratejik \u00e7\u00f6z\u00fcmlerle otel ve turizm i\u015fletmelerine rehberlik etmektedir.<\/p>\n","protected":false},"author":1,"featured_media":0,"parent":0,"menu_order":0,"comment_status":"closed","ping_status":"closed","template":"","meta":{"footnotes":""},"class_list":["post-10545","page","type-page","status-publish","hentry"],"_links":{"self":[{"href":"https:\/\/mhconsultancy.com.tr\/tr\/wp-json\/wp\/v2\/pages\/10545","targetHints":{"allow":["GET"]}}],"collection":[{"href":"https:\/\/mhconsultancy.com.tr\/tr\/wp-json\/wp\/v2\/pages"}],"about":[{"href":"https:\/\/mhconsultancy.com.tr\/tr\/wp-json\/wp\/v2\/types\/page"}],"author":[{"embeddable":true,"href":"https:\/\/mhconsultancy.com.tr\/tr\/wp-json\/wp\/v2\/users\/1"}],"replies":[{"embeddable":true,"href":"https:\/\/mhconsultancy.com.tr\/tr\/wp-json\/wp\/v2\/comments?post=10545"}],"version-history":[{"count":4,"href":"https:\/\/mhconsultancy.com.tr\/tr\/wp-json\/wp\/v2\/pages\/10545\/revisions"}],"predecessor-version":[{"id":10549,"href":"https:\/\/mhconsultancy.com.tr\/tr\/wp-json\/wp\/v2\/pages\/10545\/revisions\/10549"}],"wp:attachment":[{"href":"https:\/\/mhconsultancy.com.tr\/tr\/wp-json\/wp\/v2\/media?parent=10545"}],"curies":[{"name":"wp","href":"https:\/\/api.w.org\/{rel}","templated":true}]}}