{"id":10556,"date":"2025-10-23T20:19:51","date_gmt":"2025-10-23T17:19:51","guid":{"rendered":"https:\/\/mhconsultancy.com.tr\/tr\/?page_id=10556"},"modified":"2025-10-23T20:23:46","modified_gmt":"2025-10-23T17:23:46","slug":"mh-produksiyon","status":"publish","type":"page","link":"https:\/\/mhconsultancy.com.tr\/tr\/mh-produksiyon\/","title":{"rendered":"MH Prod\u00fcksiyon"},"content":{"rendered":"\t\t<div data-elementor-type=\"wp-page\" data-elementor-id=\"10556\" class=\"elementor elementor-10556\">\n\t\t\t\t<div class=\"elementor-element elementor-element-fa1a1e9 e-con-full e-flex e-con e-parent\" data-id=\"fa1a1e9\" data-element_type=\"container\">\n\t\t<div class=\"elementor-element elementor-element-96480a7 e-con-full e-flex e-con e-child\" data-id=\"96480a7\" data-element_type=\"container\">\n\t\t\t\t<div class=\"elementor-element elementor-element-b83407a elementor-widget elementor-widget-image\" data-id=\"b83407a\" data-element_type=\"widget\" data-widget_type=\"image.default\">\n\t\t\t\t\t\t\t\t\t\t\t\t\t\t\t<img fetchpriority=\"high\" decoding=\"async\" width=\"669\" height=\"747\" src=\"https:\/\/mhconsultancy.com.tr\/tr\/wp-content\/uploads\/sites\/3\/2025\/10\/MH-Production.png\" class=\"attachment-full size-full wp-image-10459\" alt=\"\" srcset=\"https:\/\/mhconsultancy.com.tr\/tr\/wp-content\/uploads\/sites\/3\/2025\/10\/MH-Production.png 669w, https:\/\/mhconsultancy.com.tr\/tr\/wp-content\/uploads\/sites\/3\/2025\/10\/MH-Production-269x300.png 269w\" sizes=\"(max-width: 669px) 100vw, 669px\" \/>\t\t\t\t\t\t\t\t\t\t\t\t\t\t\t<\/div>\n\t\t\t\t<\/div>\n\t\t<div class=\"elementor-element elementor-element-1db72c6 e-con-full e-flex e-con e-child\" data-id=\"1db72c6\" data-element_type=\"container\">\n\t\t<div class=\"elementor-element elementor-element-277e8d0 e-con-full e-flex e-con e-child\" data-id=\"277e8d0\" data-element_type=\"container\">\n\t\t<div class=\"elementor-element elementor-element-55cf2cd e-con-full e-flex e-con e-child\" data-id=\"55cf2cd\" data-element_type=\"container\">\n\t\t<div class=\"elementor-element elementor-element-53d43c4 e-con-full e-flex e-con e-child\" data-id=\"53d43c4\" data-element_type=\"container\">\n\t\t\t\t<div class=\"elementor-element elementor-element-b54fc16 elementor-widget elementor-widget-hub_fancy_heading\" data-id=\"b54fc16\" data-element_type=\"widget\" data-widget_type=\"hub_fancy_heading.default\">\n\t\t\t\t<div class=\"elementor-widget-container\">\n\t\t\t\t\t\n\t\t<div id=\"ld-fancy-heading-69de19ab24e53\" class=\"ld-fancy-heading pos-rel\">\n\t\t\t<p class=\"ld-fh-element d-inline-block pos-rel  lqd-highlight-classic lqd-highlight-grow-left p\"  > <b>MARKA: <\/b> MH PROD\u00dcKS\u0130YON\n\n<br><b>\u015e\u0130RKET:<\/b> MH CONSULTANCY<\/p>\t\t<\/div>\n\n\t\t\t\t\t\t<\/div>\n\t\t\t\t<\/div>\n\t\t\t\t<\/div>\n\t\t<div class=\"elementor-element elementor-element-5785516 e-con-full e-flex e-con e-child\" data-id=\"5785516\" data-element_type=\"container\">\n\t\t\t\t<div class=\"elementor-element elementor-element-2cb91b9 elementor-widget elementor-widget-image\" data-id=\"2cb91b9\" data-element_type=\"widget\" data-widget_type=\"image.default\">\n\t\t\t\t\t\t\t\t\t\t\t\t\t\t\t<img decoding=\"async\" width=\"2245\" height=\"2250\" src=\"data:image\/svg+xml;charset=utf-8,%3Csvg xmlns%3D&#039;http%3A%2F%2Fwww.w3.org%2F2000%2Fsvg&#039; viewBox%3D&#039;0 0 2245 2250&#039;%2F%3E\" class=\"attachment-full size-full wp-image-10431 ld-lazyload\" alt=\"\" data-src=\"https:\/\/mhconsultancy.com.tr\/tr\/wp-content\/uploads\/sites\/3\/2025\/10\/mh-logo-1.png\" data-srcset=\"https:\/\/mhconsultancy.com.tr\/tr\/wp-content\/uploads\/sites\/3\/2025\/10\/mh-logo-1.png 2245w, https:\/\/mhconsultancy.com.tr\/tr\/wp-content\/uploads\/sites\/3\/2025\/10\/mh-logo-1-300x300.png 300w, https:\/\/mhconsultancy.com.tr\/tr\/wp-content\/uploads\/sites\/3\/2025\/10\/mh-logo-1-1022x1024.png 1022w, https:\/\/mhconsultancy.com.tr\/tr\/wp-content\/uploads\/sites\/3\/2025\/10\/mh-logo-1-150x150.png 150w, https:\/\/mhconsultancy.com.tr\/tr\/wp-content\/uploads\/sites\/3\/2025\/10\/mh-logo-1-1533x1536.png 1533w, https:\/\/mhconsultancy.com.tr\/tr\/wp-content\/uploads\/sites\/3\/2025\/10\/mh-logo-1-2043x2048.png 2043w, https:\/\/mhconsultancy.com.tr\/tr\/wp-content\/uploads\/sites\/3\/2025\/10\/mh-logo-1-320x320.png 320w\" data-sizes=\"(max-width: 2245px) 100vw, 2245px\" data-aspect=\"0.99777777777778\" \/>\t\t\t\t\t\t\t\t\t\t\t\t\t\t\t<\/div>\n\t\t\t\t<\/div>\n\t\t\t\t<\/div>\n\t\t\t\t<div class=\"elementor-element elementor-element-e9f62b2 elementor-widget elementor-widget-hub_fancy_heading\" data-id=\"e9f62b2\" data-element_type=\"widget\" data-widget_type=\"hub_fancy_heading.default\">\n\t\t\t\t<div class=\"elementor-widget-container\">\n\t\t\t\t\t\n\t\t<div id=\"ld-fancy-heading-69de19ab25de3\" class=\"ld-fancy-heading pos-rel\">\n\t\t\t<p class=\"ld-fh-element d-inline-block pos-rel  lqd-highlight-classic lqd-highlight-grow-left p\"  > <b>WEB:<\/b><a href=\"https:\/\/www.mhconsultancy.com.tr\/\" target=\"_blank\" rel=\"noopener\"> www.mhconsultancy.com.tr <\/a>\n\n<b>&nbsp;&nbsp;&nbsp;&nbsp;|&nbsp;&nbsp;&nbsp;&nbsp;  SUNUM:<\/b><a href=\"https:\/\/www.mhconsultancy.com.tr\/catalog\/MH%20Led%202025%20web.pdf\" target=\"_blank\" rel=\"noopener\"> MH Production 2025<\/a><\/p>\t\t<\/div>\n\n\t\t\t\t\t\t<\/div>\n\t\t\t\t<\/div>\n\t\t\t\t<\/div>\n\t\t<div class=\"elementor-element elementor-element-a2e3f8c e-con-full e-flex e-con e-child\" data-id=\"a2e3f8c\" data-element_type=\"container\">\n\t\t<div class=\"elementor-element elementor-element-a0b36dd e-con-full e-flex e-con e-child\" data-id=\"a0b36dd\" data-element_type=\"container\">\n\t\t\t\t<div class=\"elementor-element elementor-element-67554ec elementor-widget elementor-widget-hub_fancy_heading\" data-id=\"67554ec\" data-element_type=\"widget\" data-widget_type=\"hub_fancy_heading.default\">\n\t\t\t\t<div class=\"elementor-widget-container\">\n\t\t\t\t\t\n\t\t<div id=\"ld-fancy-heading-69de19ab268e1\" class=\"ld-fancy-heading pos-rel\">\n\t\t\t<h2 class=\"ld-fh-element d-inline-block pos-rel  elementor-heading-title lqd-highlight-classic lqd-highlight-grow-left h2\"  > MH Prod\u00fcksiyon<\/h2>\t\t<\/div>\n\n\t\t\t\t\t\t<\/div>\n\t\t\t\t<\/div>\n\t\t\t\t<div class=\"elementor-element elementor-element-0037558 elementor-widget elementor-widget-hub_fancy_heading\" data-id=\"0037558\" data-element_type=\"widget\" data-widget_type=\"hub_fancy_heading.default\">\n\t\t\t\t<div class=\"elementor-widget-container\">\n\t\t\t\t\t\n\t\t<div id=\"ld-fancy-heading-69de19ab2722c\" class=\"ld-fancy-heading pos-rel\">\n\t\t\t<p class=\"ld-fh-element d-inline-block pos-rel  lqd-highlight-classic lqd-highlight-grow-left p\"  > <b>H\u0130ZMET: <\/b>\u00dcRET\u0130M\n\n<b>&nbsp;&nbsp;&nbsp;&nbsp;|&nbsp;&nbsp;&nbsp;&nbsp;  LOKASYON:<\/b> T\u00dcRK\u0130YE<\/p>\t\t<\/div>\n\n\t\t\t\t\t\t<\/div>\n\t\t\t\t<\/div>\n\t\t\t\t<div class=\"elementor-element elementor-element-06f270c elementor-widget__width-initial elementor-widget-mobile__width-initial elementor-widget elementor-widget-hub_fancy_heading\" data-id=\"06f270c\" data-element_type=\"widget\" data-widget_type=\"hub_fancy_heading.default\">\n\t\t\t\t<div class=\"elementor-widget-container\">\n\t\t\t\t\t\n\t\t<div id=\"ld-fancy-heading-69de19ab27c48\" class=\"ld-fancy-heading pos-rel\">\n\t\t\t<p class=\"ld-fh-element d-inline-block pos-rel  lqd-highlight-classic lqd-highlight-grow-left p\"  > MH Prod\u00fcksiyon, etkinlik sekt\u00f6r\u00fcnde stratejik \u00e7\u00f6z\u00fcmler geli\u015ftiren g\u00fcvenilir bir i\u015f orta\u011f\u0131d\u0131r. Konserlerden festivallere, kurumsal etkinliklerden ticaret fuarlar\u0131na kadar geni\u015f bir yelpazede projeler hayata ge\u00e7irir. Markalara ve kat\u0131l\u0131mc\u0131lara benzersiz deneyimler sunarak sekt\u00f6r\u00fcn dinamiklerini \u015fekillendirir.\n<br><br>\u015eirket b\u00fcnyesinde 600 m\u00b2\u2019nin \u00fczerinde, y\u00fcksek \u00e7\u00f6z\u00fcn\u00fcrl\u00fc\u011fe ve \u0131\u015f\u0131k g\u00fcc\u00fcne sahip hem curve hem de 90 derece \u015feklinde kurulabilen led ekranlar bulunmaktad\u0131r. Bu ekranlar, truss, podyum ve scaff sistemleri ile tam uyumludur. G\u00fcne\u015f \u0131\u015f\u0131\u011f\u0131nda dahi y\u00fcksek parlakl\u0131k ve \u00fcst\u00fcn g\u00f6r\u00fcnt\u00fc kalitesi sunar. Al\u0131\u015fveri\u015f merkezleri, tiyatro ve sinema salonlar\u0131, konser ve e\u011flence mek\u00e2nlar\u0131, toplant\u0131 salonlar\u0131, kapal\u0131 ve a\u00e7\u0131k spor kompleksleri, kamu kurumlar\u0131 ve daha pek \u00e7ok farkl\u0131 alanda kullan\u0131labilir.\n<\/p>\t\t<\/div>\n\n\t\t\t\t\t\t<\/div>\n\t\t\t\t<\/div>\n\t\t\t\t<\/div>\n\t\t\t\t<\/div>\n\t\t\t\t<\/div>\n\t\t\t\t<\/div>\n\t\t\t\t<section class=\"elementor-section elementor-top-section elementor-element elementor-element-bfb0d19 elementor-section-full_width elementor-section-height-default elementor-section-height-default\" data-id=\"bfb0d19\" data-element_type=\"section\">\n\t\t\t\t\t\t<div class=\"elementor-container elementor-column-gap-no\">\n\t\t\t\t\t<div class=\"elementor-column elementor-col-33 elementor-top-column elementor-element elementor-element-32f83b4\" data-id=\"32f83b4\" data-element_type=\"column\" data-settings=\"{&quot;background_background&quot;:&quot;classic&quot;}\">\n\t\t\t<div class=\"elementor-widget-wrap elementor-element-populated\">\n\t\t\t\t\t\t<div class=\"elementor-element elementor-element-2307475 elementor-widget elementor-widget-hub_fancy_heading\" data-id=\"2307475\" data-element_type=\"widget\" data-widget_type=\"hub_fancy_heading.default\">\n\t\t\t\t<div class=\"elementor-widget-container\">\n\t\t\t\t\t\n\t\t<div id=\"ld-fancy-heading-69de19ab28614\" class=\"ld-fancy-heading pos-rel\">\n\t\t\t<h2 class=\"ld-fh-element d-inline-block pos-rel  elementor-heading-title lqd-highlight-classic lqd-highlight-grow-left h2\"  > 01 Ses Sistemleri<\/h2>\t\t<\/div>\n\n\t\t\t\t\t\t<\/div>\n\t\t\t\t<\/div>\n\t\t\t\t\t<\/div>\n\t\t<\/div>\n\t\t\t\t<div class=\"elementor-column elementor-col-33 elementor-top-column elementor-element elementor-element-ef474bf\" data-id=\"ef474bf\" data-element_type=\"column\" data-settings=\"{&quot;background_background&quot;:&quot;classic&quot;}\">\n\t\t\t<div class=\"elementor-widget-wrap elementor-element-populated\">\n\t\t\t\t\t\t<div class=\"elementor-element elementor-element-73f5f97 elementor-widget elementor-widget-hub_fancy_heading\" data-id=\"73f5f97\" data-element_type=\"widget\" data-widget_type=\"hub_fancy_heading.default\">\n\t\t\t\t<div class=\"elementor-widget-container\">\n\t\t\t\t\t\n\t\t<div id=\"ld-fancy-heading-69de19ab28f2b\" class=\"ld-fancy-heading pos-rel\">\n\t\t\t<h2 class=\"ld-fh-element d-inline-block pos-rel  elementor-heading-title lqd-highlight-classic lqd-highlight-grow-left h2\"  > 02 G\u00f6r\u00fcnt\u00fc Sistemleri<\/h2>\t\t<\/div>\n\n\t\t\t\t\t\t<\/div>\n\t\t\t\t<\/div>\n\t\t\t\t\t<\/div>\n\t\t<\/div>\n\t\t\t\t<div class=\"elementor-column elementor-col-33 elementor-top-column elementor-element elementor-element-f2ef1ed\" data-id=\"f2ef1ed\" data-element_type=\"column\" data-settings=\"{&quot;background_background&quot;:&quot;classic&quot;}\">\n\t\t\t<div class=\"elementor-widget-wrap elementor-element-populated\">\n\t\t\t\t\t\t<div class=\"elementor-element elementor-element-4df9319 elementor-widget elementor-widget-hub_fancy_heading\" data-id=\"4df9319\" data-element_type=\"widget\" data-widget_type=\"hub_fancy_heading.default\">\n\t\t\t\t<div class=\"elementor-widget-container\">\n\t\t\t\t\t\n\t\t<div id=\"ld-fancy-heading-69de19ab29885\" class=\"ld-fancy-heading pos-rel\">\n\t\t\t<h2 class=\"ld-fh-element d-inline-block pos-rel  elementor-heading-title lqd-highlight-classic lqd-highlight-grow-left h2\"  > 03 \u00c7eviri Sistemleri<\/h2>\t\t<\/div>\n\n\t\t\t\t\t\t<\/div>\n\t\t\t\t<\/div>\n\t\t\t\t\t<\/div>\n\t\t<\/div>\n\t\t\t\t\t<\/div>\n\t\t<\/section>\n\t\t\t\t<section class=\"elementor-section elementor-top-section elementor-element elementor-element-75e689e elementor-section-full_width elementor-section-height-default elementor-section-height-default\" data-id=\"75e689e\" data-element_type=\"section\">\n\t\t\t\t\t\t<div class=\"elementor-container elementor-column-gap-no\">\n\t\t\t\t\t<div class=\"elementor-column elementor-col-33 elementor-top-column elementor-element elementor-element-6370181\" data-id=\"6370181\" data-element_type=\"column\" data-settings=\"{&quot;background_background&quot;:&quot;classic&quot;}\">\n\t\t\t<div class=\"elementor-widget-wrap elementor-element-populated\">\n\t\t\t\t\t\t<div class=\"elementor-element elementor-element-01e7a62 elementor-widget elementor-widget-hub_fancy_heading\" data-id=\"01e7a62\" data-element_type=\"widget\" data-widget_type=\"hub_fancy_heading.default\">\n\t\t\t\t<div class=\"elementor-widget-container\">\n\t\t\t\t\t\n\t\t<div id=\"ld-fancy-heading-69de19ab2a1d1\" class=\"ld-fancy-heading pos-rel\">\n\t\t\t<h2 class=\"ld-fh-element d-inline-block pos-rel  elementor-heading-title lqd-highlight-classic lqd-highlight-grow-left h2\"  > 04 I\u015f\u0131k Sistemleri<\/h2>\t\t<\/div>\n\n\t\t\t\t\t\t<\/div>\n\t\t\t\t<\/div>\n\t\t\t\t\t<\/div>\n\t\t<\/div>\n\t\t\t\t<div class=\"elementor-column elementor-col-33 elementor-top-column elementor-element elementor-element-731f302\" data-id=\"731f302\" data-element_type=\"column\" data-settings=\"{&quot;background_background&quot;:&quot;classic&quot;}\">\n\t\t\t<div class=\"elementor-widget-wrap elementor-element-populated\">\n\t\t\t\t\t\t<div class=\"elementor-element elementor-element-8646d1e elementor-widget elementor-widget-hub_fancy_heading\" data-id=\"8646d1e\" data-element_type=\"widget\" data-widget_type=\"hub_fancy_heading.default\">\n\t\t\t\t<div class=\"elementor-widget-container\">\n\t\t\t\t\t\n\t\t<div id=\"ld-fancy-heading-69de19ab2ab0a\" class=\"ld-fancy-heading pos-rel\">\n\t\t\t<h2 class=\"ld-fh-element d-inline-block pos-rel  elementor-heading-title lqd-highlight-classic lqd-highlight-grow-left h2\"  > 05 Truss Sistemleri<\/h2>\t\t<\/div>\n\n\t\t\t\t\t\t<\/div>\n\t\t\t\t<\/div>\n\t\t\t\t\t<\/div>\n\t\t<\/div>\n\t\t\t\t<div class=\"elementor-column elementor-col-33 elementor-top-column elementor-element elementor-element-4274116\" data-id=\"4274116\" data-element_type=\"column\" data-settings=\"{&quot;background_background&quot;:&quot;classic&quot;}\">\n\t\t\t<div class=\"elementor-widget-wrap elementor-element-populated\">\n\t\t\t\t\t\t<div class=\"elementor-element elementor-element-1e6d37b elementor-widget elementor-widget-hub_fancy_heading\" data-id=\"1e6d37b\" data-element_type=\"widget\" data-widget_type=\"hub_fancy_heading.default\">\n\t\t\t\t<div class=\"elementor-widget-container\">\n\t\t\t\t\t\n\t\t<div id=\"ld-fancy-heading-69de19ab2b484\" class=\"ld-fancy-heading pos-rel\">\n\t\t\t<h2 class=\"ld-fh-element d-inline-block pos-rel  elementor-heading-title lqd-highlight-classic lqd-highlight-grow-left h2\"  > 06 A\u011f Sistemleri<\/h2>\t\t<\/div>\n\n\t\t\t\t\t\t<\/div>\n\t\t\t\t<\/div>\n\t\t\t\t\t<\/div>\n\t\t<\/div>\n\t\t\t\t\t<\/div>\n\t\t<\/section>\n\t\t\t\t<section class=\"elementor-section elementor-top-section elementor-element elementor-element-a6e7740 elementor-section-full_width elementor-section-height-default elementor-section-height-default\" data-id=\"a6e7740\" data-element_type=\"section\">\n\t\t\t\t\t\t<div class=\"elementor-container elementor-column-gap-no\">\n\t\t\t\t\t<div class=\"elementor-column elementor-col-33 elementor-top-column elementor-element elementor-element-af81a63\" data-id=\"af81a63\" data-element_type=\"column\" data-settings=\"{&quot;background_background&quot;:&quot;classic&quot;}\">\n\t\t\t<div class=\"elementor-widget-wrap elementor-element-populated\">\n\t\t\t\t\t\t<div class=\"elementor-element elementor-element-b198957 elementor-widget elementor-widget-hub_fancy_heading\" data-id=\"b198957\" data-element_type=\"widget\" data-widget_type=\"hub_fancy_heading.default\">\n\t\t\t\t<div class=\"elementor-widget-container\">\n\t\t\t\t\t\n\t\t<div id=\"ld-fancy-heading-69de19ab2bdc7\" class=\"ld-fancy-heading pos-rel\">\n\t\t\t<h2 class=\"ld-fh-element d-inline-block pos-rel  elementor-heading-title lqd-highlight-classic lqd-highlight-grow-left h2\"  > 07 Ulusal ve Uluslararas\u0131 Kongre Organizasyonlar\u0131<\/h2>\t\t<\/div>\n\n\t\t\t\t\t\t<\/div>\n\t\t\t\t<\/div>\n\t\t\t\t\t<\/div>\n\t\t<\/div>\n\t\t\t\t<div class=\"elementor-column elementor-col-33 elementor-top-column elementor-element elementor-element-0a4d142\" data-id=\"0a4d142\" data-element_type=\"column\" data-settings=\"{&quot;background_background&quot;:&quot;classic&quot;}\">\n\t\t\t<div class=\"elementor-widget-wrap elementor-element-populated\">\n\t\t\t\t\t\t<div class=\"elementor-element elementor-element-4ee279e elementor-widget elementor-widget-hub_fancy_heading\" data-id=\"4ee279e\" data-element_type=\"widget\" data-widget_type=\"hub_fancy_heading.default\">\n\t\t\t\t<div class=\"elementor-widget-container\">\n\t\t\t\t\t\n\t\t<div id=\"ld-fancy-heading-69de19ab2c73f\" class=\"ld-fancy-heading pos-rel\">\n\t\t\t<h2 class=\"ld-fh-element d-inline-block pos-rel  elementor-heading-title lqd-highlight-classic lqd-highlight-grow-left h2\"  > 08 Ulusal ve Uluslararas\u0131 Toplant\u0131 Organizasyonlar\u0131<\/h2>\t\t<\/div>\n\n\t\t\t\t\t\t<\/div>\n\t\t\t\t<\/div>\n\t\t\t\t\t<\/div>\n\t\t<\/div>\n\t\t\t\t<div class=\"elementor-column elementor-col-33 elementor-top-column elementor-element elementor-element-4dd96c1\" data-id=\"4dd96c1\" data-element_type=\"column\" data-settings=\"{&quot;background_background&quot;:&quot;classic&quot;}\">\n\t\t\t<div class=\"elementor-widget-wrap elementor-element-populated\">\n\t\t\t\t\t\t<div class=\"elementor-element elementor-element-517ea2a elementor-widget elementor-widget-hub_fancy_heading\" data-id=\"517ea2a\" data-element_type=\"widget\" data-widget_type=\"hub_fancy_heading.default\">\n\t\t\t\t<div class=\"elementor-widget-container\">\n\t\t\t\t\t\n\t\t<div id=\"ld-fancy-heading-69de19ab2d0a3\" class=\"ld-fancy-heading pos-rel\">\n\t\t\t<h2 class=\"ld-fh-element d-inline-block pos-rel  elementor-heading-title lqd-highlight-classic lqd-highlight-grow-left h2\"  > 09 \u00dcr\u00fcn veya Hizmet Lansmanlar\u0131<\/h2>\t\t<\/div>\n\n\t\t\t\t\t\t<\/div>\n\t\t\t\t<\/div>\n\t\t\t\t\t<\/div>\n\t\t<\/div>\n\t\t\t\t\t<\/div>\n\t\t<\/section>\n\t\t\t\t<\/div>\n\t\t","protected":false},"excerpt":{"rendered":"<p>MARKA: MH PROD\u00dcKS\u0130YON \u015e\u0130RKET: MH CONSULTANCY WEB: www.mhconsultancy.com.tr &nbsp;&nbsp;&nbsp;&nbsp;|&nbsp;&nbsp;&nbsp;&nbsp; SUNUM: MH Production 2025 MH Prod\u00fcksiyon H\u0130ZMET: \u00dcRET\u0130M &nbsp;&nbsp;&nbsp;&nbsp;|&nbsp;&nbsp;&nbsp;&nbsp; LOKASYON: T\u00dcRK\u0130YE MH Prod\u00fcksiyon, etkinlik sekt\u00f6r\u00fcnde stratejik \u00e7\u00f6z\u00fcmler geli\u015ftiren g\u00fcvenilir bir i\u015f orta\u011f\u0131d\u0131r. Konserlerden festivallere, kurumsal etkinliklerden ticaret fuarlar\u0131na kadar geni\u015f bir yelpazede projeler hayata ge\u00e7irir. Markalara ve kat\u0131l\u0131mc\u0131lara benzersiz deneyimler sunarak sekt\u00f6r\u00fcn dinamiklerini \u015fekillendirir. \u015eirket b\u00fcnyesinde [&hellip;]<\/p>\n","protected":false},"author":1,"featured_media":0,"parent":0,"menu_order":0,"comment_status":"closed","ping_status":"closed","template":"","meta":{"footnotes":""},"class_list":["post-10556","page","type-page","status-publish","hentry"],"_links":{"self":[{"href":"https:\/\/mhconsultancy.com.tr\/tr\/wp-json\/wp\/v2\/pages\/10556","targetHints":{"allow":["GET"]}}],"collection":[{"href":"https:\/\/mhconsultancy.com.tr\/tr\/wp-json\/wp\/v2\/pages"}],"about":[{"href":"https:\/\/mhconsultancy.com.tr\/tr\/wp-json\/wp\/v2\/types\/page"}],"author":[{"embeddable":true,"href":"https:\/\/mhconsultancy.com.tr\/tr\/wp-json\/wp\/v2\/users\/1"}],"replies":[{"embeddable":true,"href":"https:\/\/mhconsultancy.com.tr\/tr\/wp-json\/wp\/v2\/comments?post=10556"}],"version-history":[{"count":4,"href":"https:\/\/mhconsultancy.com.tr\/tr\/wp-json\/wp\/v2\/pages\/10556\/revisions"}],"predecessor-version":[{"id":10569,"href":"https:\/\/mhconsultancy.com.tr\/tr\/wp-json\/wp\/v2\/pages\/10556\/revisions\/10569"}],"wp:attachment":[{"href":"https:\/\/mhconsultancy.com.tr\/tr\/wp-json\/wp\/v2\/media?parent=10556"}],"curies":[{"name":"wp","href":"https:\/\/api.w.org\/{rel}","templated":true}]}}