{"id":10576,"date":"2025-10-23T20:25:59","date_gmt":"2025-10-23T17:25:59","guid":{"rendered":"https:\/\/mhconsultancy.com.tr\/tr\/?page_id=10576"},"modified":"2025-10-23T20:27:04","modified_gmt":"2025-10-23T17:27:04","slug":"peyzaj-hizmetleri","status":"publish","type":"page","link":"https:\/\/mhconsultancy.com.tr\/tr\/peyzaj-hizmetleri\/","title":{"rendered":"Peyzaj Hizmetleri"},"content":{"rendered":"\t\t<div data-elementor-type=\"wp-page\" data-elementor-id=\"10576\" class=\"elementor elementor-10576\">\n\t\t\t\t<div class=\"elementor-element elementor-element-bdb3431 e-con-full e-flex e-con e-parent\" data-id=\"bdb3431\" data-element_type=\"container\">\n\t\t<div class=\"elementor-element elementor-element-1baf752 e-con-full e-flex e-con e-child\" data-id=\"1baf752\" data-element_type=\"container\">\n\t\t\t\t<div class=\"elementor-element elementor-element-5bc8d5f elementor-widget elementor-widget-image\" data-id=\"5bc8d5f\" data-element_type=\"widget\" data-widget_type=\"image.default\">\n\t\t\t\t\t\t\t\t\t\t\t\t\t\t\t<img fetchpriority=\"high\" decoding=\"async\" width=\"780\" height=\"838\" src=\"https:\/\/mhconsultancy.com.tr\/tr\/wp-content\/uploads\/sites\/3\/2025\/10\/landscape.webp\" class=\"attachment-large size-large wp-image-10467\" alt=\"\" srcset=\"https:\/\/mhconsultancy.com.tr\/tr\/wp-content\/uploads\/sites\/3\/2025\/10\/landscape.webp 897w, https:\/\/mhconsultancy.com.tr\/tr\/wp-content\/uploads\/sites\/3\/2025\/10\/landscape-279x300.webp 279w\" sizes=\"(max-width: 780px) 100vw, 780px\" \/>\t\t\t\t\t\t\t\t\t\t\t\t\t\t\t<\/div>\n\t\t\t\t<\/div>\n\t\t<div class=\"elementor-element elementor-element-e51bc54 e-con-full e-flex e-con e-child\" data-id=\"e51bc54\" data-element_type=\"container\">\n\t\t<div class=\"elementor-element elementor-element-95933a5 e-con-full e-flex e-con e-child\" data-id=\"95933a5\" data-element_type=\"container\">\n\t\t<div class=\"elementor-element elementor-element-c02b8f6 e-con-full e-flex e-con e-child\" data-id=\"c02b8f6\" data-element_type=\"container\">\n\t\t<div class=\"elementor-element elementor-element-eb87257 e-con-full e-flex e-con e-child\" data-id=\"eb87257\" data-element_type=\"container\">\n\t\t\t\t<div class=\"elementor-element elementor-element-e9b0d58 elementor-widget elementor-widget-hub_fancy_heading\" data-id=\"e9b0d58\" data-element_type=\"widget\" data-widget_type=\"hub_fancy_heading.default\">\n\t\t\t\t<div class=\"elementor-widget-container\">\n\t\t\t\t\t\n\t\t<div id=\"ld-fancy-heading-69de1ff02b604\" class=\"ld-fancy-heading pos-rel\">\n\t\t\t\t\t<\/div>\n\n\t\t\t\t\t\t<\/div>\n\t\t\t\t<\/div>\n\t\t\t\t<\/div>\n\t\t<div class=\"elementor-element elementor-element-e5d34dc e-con-full e-flex e-con e-child\" data-id=\"e5d34dc\" data-element_type=\"container\">\n\t\t\t\t<div class=\"elementor-element elementor-element-a9a3714 elementor-widget elementor-widget-image\" data-id=\"a9a3714\" data-element_type=\"widget\" data-widget_type=\"image.default\">\n\t\t\t\t\t\t\t\t\t\t\t\t\t\t\t<img decoding=\"async\" width=\"221\" height=\"93\" src=\"data:image\/svg+xml;charset=utf-8,%3Csvg xmlns%3D&#039;http%3A%2F%2Fwww.w3.org%2F2000%2Fsvg&#039; viewBox%3D&#039;0 0 221 93&#039;%2F%3E\" class=\"attachment-medium size-medium wp-image-10578 ld-lazyload\" alt=\"\" data-src=\"https:\/\/mhconsultancy.com.tr\/tr\/wp-content\/uploads\/sites\/3\/2025\/10\/arifiye.webp\" data-aspect=\"2.3763440860215\" \/>\t\t\t\t\t\t\t\t\t\t\t\t\t\t\t<\/div>\n\t\t\t\t<\/div>\n\t\t\t\t<\/div>\n\t\t\t\t<div class=\"elementor-element elementor-element-5910422 elementor-widget elementor-widget-hub_fancy_heading\" data-id=\"5910422\" data-element_type=\"widget\" data-widget_type=\"hub_fancy_heading.default\">\n\t\t\t\t<div class=\"elementor-widget-container\">\n\t\t\t\t\t\n\t\t<div id=\"ld-fancy-heading-69de1ff02c37e\" class=\"ld-fancy-heading pos-rel\">\n\t\t\t<p class=\"ld-fh-element d-inline-block pos-rel  lqd-highlight-classic lqd-highlight-grow-left p\"  > <b>WEB:<\/b><a href=\"https:\/\/www.arifiyefidancilik.com\/\" target=\"_blank\" rel=\"noopener\"> www.arifiyefidancilik.com<\/a>\n\n<b>&nbsp;&nbsp;&nbsp;&nbsp;|&nbsp;&nbsp;&nbsp;&nbsp;  SUNUM:<\/b><a href=\"https:\/\/kolektifmind.com\/mhc\/catalog\/%20Arifiye%202025%20web.pdf\" target=\"_blank\" rel=\"noopener\"> Arifiye Fidanc\u0131l\u0131k 2025<\/a><\/p>\t\t<\/div>\n\n\t\t\t\t\t\t<\/div>\n\t\t\t\t<\/div>\n\t\t\t\t<\/div>\n\t\t<div class=\"elementor-element elementor-element-4b413f7 e-con-full e-flex e-con e-child\" data-id=\"4b413f7\" data-element_type=\"container\">\n\t\t<div class=\"elementor-element elementor-element-4d9866b e-con-full e-flex e-con e-child\" data-id=\"4d9866b\" data-element_type=\"container\">\n\t\t\t\t<div class=\"elementor-element elementor-element-81835d0 elementor-widget elementor-widget-hub_fancy_heading\" data-id=\"81835d0\" data-element_type=\"widget\" data-widget_type=\"hub_fancy_heading.default\">\n\t\t\t\t<div class=\"elementor-widget-container\">\n\t\t\t\t\t\n\t\t<div id=\"ld-fancy-heading-69de1ff02d0c5\" class=\"ld-fancy-heading pos-rel\">\n\t\t\t<h2 class=\"ld-fh-element d-inline-block pos-rel  elementor-heading-title lqd-highlight-classic lqd-highlight-grow-left h2\"  > Peyzaj Hizmetleri<\/h2>\t\t<\/div>\n\n\t\t\t\t\t\t<\/div>\n\t\t\t\t<\/div>\n\t\t\t\t<div class=\"elementor-element elementor-element-ff68846 elementor-widget elementor-widget-hub_fancy_heading\" data-id=\"ff68846\" data-element_type=\"widget\" data-widget_type=\"hub_fancy_heading.default\">\n\t\t\t\t<div class=\"elementor-widget-container\">\n\t\t\t\t\t\n\t\t<div id=\"ld-fancy-heading-69de1ff02d9ed\" class=\"ld-fancy-heading pos-rel\">\n\t\t\t<p class=\"ld-fh-element d-inline-block pos-rel  lqd-highlight-classic lqd-highlight-grow-left p\"  > <b>H\u0130ZMET: <\/b>\u0130\u015e ORTA\u011eI, SATI\u015e\n\n<b>&nbsp;&nbsp;&nbsp;&nbsp;|&nbsp;&nbsp;&nbsp;&nbsp;  LOKASYON:<\/b> T\u00dcRK\u0130YE, KAZAK\u0130STAN, T\u00dcRKMEN\u0130STAN<\/p>\t\t<\/div>\n\n\t\t\t\t\t\t<\/div>\n\t\t\t\t<\/div>\n\t\t\t\t<div class=\"elementor-element elementor-element-476a607 elementor-widget__width-initial elementor-widget-mobile__width-initial elementor-widget elementor-widget-hub_fancy_heading\" data-id=\"476a607\" data-element_type=\"widget\" data-widget_type=\"hub_fancy_heading.default\">\n\t\t\t\t<div class=\"elementor-widget-container\">\n\t\t\t\t\t\n\t\t<div id=\"ld-fancy-heading-69de1ff02e36d\" class=\"ld-fancy-heading pos-rel\">\n\t\t\t<p class=\"ld-fh-element d-inline-block pos-rel  lqd-highlight-classic lqd-highlight-grow-left p\"  > MH Consultancy, peyzaj hizmetleri ile do\u011fal g\u00fczellikleri ve d\u0131\u015f mek\u00e2nlar\u0131 estetik bir b\u00fct\u00fcn h\u00e2line getirir. Ya\u015fam alanlar\u0131na zarafet katan \u00e7\u00f6z\u00fcmler sunar. Her projede \u00e7evre uyumunu g\u00f6zeten, fonksiyonel ve g\u00f6z al\u0131c\u0131 tasar\u0131mlar\u0131 hayata ge\u00e7irir.\n<\/p>\t\t<\/div>\n\n\t\t\t\t\t\t<\/div>\n\t\t\t\t<\/div>\n\t\t\t\t<\/div>\n\t\t\t\t<\/div>\n\t\t\t\t<\/div>\n\t\t\t\t<\/div>\n\t\t\t\t<\/div>\n\t\t","protected":false},"excerpt":{"rendered":"<p>WEB: www.arifiyefidancilik.com &nbsp;&nbsp;&nbsp;&nbsp;|&nbsp;&nbsp;&nbsp;&nbsp; SUNUM: Arifiye Fidanc\u0131l\u0131k 2025 Peyzaj Hizmetleri H\u0130ZMET: \u0130\u015e ORTA\u011eI, SATI\u015e &nbsp;&nbsp;&nbsp;&nbsp;|&nbsp;&nbsp;&nbsp;&nbsp; LOKASYON: T\u00dcRK\u0130YE, KAZAK\u0130STAN, T\u00dcRKMEN\u0130STAN MH Consultancy, peyzaj hizmetleri ile do\u011fal g\u00fczellikleri ve d\u0131\u015f mek\u00e2nlar\u0131 estetik bir b\u00fct\u00fcn h\u00e2line getirir. Ya\u015fam alanlar\u0131na zarafet katan \u00e7\u00f6z\u00fcmler sunar. Her projede \u00e7evre uyumunu g\u00f6zeten, fonksiyonel ve g\u00f6z al\u0131c\u0131 tasar\u0131mlar\u0131 hayata ge\u00e7irir.<\/p>\n","protected":false},"author":1,"featured_media":0,"parent":0,"menu_order":0,"comment_status":"closed","ping_status":"closed","template":"","meta":{"footnotes":""},"class_list":["post-10576","page","type-page","status-publish","hentry"],"_links":{"self":[{"href":"https:\/\/mhconsultancy.com.tr\/tr\/wp-json\/wp\/v2\/pages\/10576","targetHints":{"allow":["GET"]}}],"collection":[{"href":"https:\/\/mhconsultancy.com.tr\/tr\/wp-json\/wp\/v2\/pages"}],"about":[{"href":"https:\/\/mhconsultancy.com.tr\/tr\/wp-json\/wp\/v2\/types\/page"}],"author":[{"embeddable":true,"href":"https:\/\/mhconsultancy.com.tr\/tr\/wp-json\/wp\/v2\/users\/1"}],"replies":[{"embeddable":true,"href":"https:\/\/mhconsultancy.com.tr\/tr\/wp-json\/wp\/v2\/comments?post=10576"}],"version-history":[{"count":4,"href":"https:\/\/mhconsultancy.com.tr\/tr\/wp-json\/wp\/v2\/pages\/10576\/revisions"}],"predecessor-version":[{"id":10581,"href":"https:\/\/mhconsultancy.com.tr\/tr\/wp-json\/wp\/v2\/pages\/10576\/revisions\/10581"}],"wp:attachment":[{"href":"https:\/\/mhconsultancy.com.tr\/tr\/wp-json\/wp\/v2\/media?parent=10576"}],"curies":[{"name":"wp","href":"https:\/\/api.w.org\/{rel}","templated":true}]}}