{"id":10588,"date":"2025-10-23T20:29:02","date_gmt":"2025-10-23T17:29:02","guid":{"rendered":"https:\/\/mhconsultancy.com.tr\/tr\/?page_id=10588"},"modified":"2025-10-23T20:31:37","modified_gmt":"2025-10-23T17:31:37","slug":"profesyonel-ses-goruntu-ve-led-aydinlatma-sistemleri","status":"publish","type":"page","link":"https:\/\/mhconsultancy.com.tr\/tr\/profesyonel-ses-goruntu-ve-led-aydinlatma-sistemleri\/","title":{"rendered":"Profesyonel Ses, G\u00f6r\u00fcnt\u00fc ve LED Ayd\u0131nlatma Sistemleri"},"content":{"rendered":"\t\t<div data-elementor-type=\"wp-page\" data-elementor-id=\"10588\" class=\"elementor elementor-10588\">\n\t\t\t\t<div class=\"elementor-element elementor-element-4502d93 e-con-full e-flex e-con e-parent\" data-id=\"4502d93\" data-element_type=\"container\">\n\t\t<div class=\"elementor-element elementor-element-bd266b3 e-con-full e-flex e-con e-child\" data-id=\"bd266b3\" data-element_type=\"container\">\n\t\t\t\t<div class=\"elementor-element elementor-element-77417d1 elementor-widget elementor-widget-image\" data-id=\"77417d1\" data-element_type=\"widget\" data-widget_type=\"image.default\">\n\t\t\t\t\t\t\t\t\t\t\t\t\t\t\t<img fetchpriority=\"high\" decoding=\"async\" width=\"780\" height=\"585\" src=\"https:\/\/mhconsultancy.com.tr\/tr\/wp-content\/uploads\/sites\/3\/2025\/10\/WhatsApp-Image-2025-10-09-at-13.54.19-1024x768.jpeg\" class=\"attachment-large size-large wp-image-10460\" alt=\"\" srcset=\"https:\/\/mhconsultancy.com.tr\/tr\/wp-content\/uploads\/sites\/3\/2025\/10\/WhatsApp-Image-2025-10-09-at-13.54.19-1024x768.jpeg 1024w, https:\/\/mhconsultancy.com.tr\/tr\/wp-content\/uploads\/sites\/3\/2025\/10\/WhatsApp-Image-2025-10-09-at-13.54.19-300x225.jpeg 300w, https:\/\/mhconsultancy.com.tr\/tr\/wp-content\/uploads\/sites\/3\/2025\/10\/WhatsApp-Image-2025-10-09-at-13.54.19.jpeg 1174w\" sizes=\"(max-width: 780px) 100vw, 780px\" \/>\t\t\t\t\t\t\t\t\t\t\t\t\t\t\t<\/div>\n\t\t\t\t<\/div>\n\t\t<div class=\"elementor-element elementor-element-beebeee e-con-full e-flex e-con e-child\" data-id=\"beebeee\" data-element_type=\"container\">\n\t\t<div class=\"elementor-element elementor-element-657aa75 e-con-full e-flex e-con e-child\" data-id=\"657aa75\" data-element_type=\"container\">\n\t\t<div class=\"elementor-element elementor-element-69fb256 e-con-full e-flex e-con e-child\" data-id=\"69fb256\" data-element_type=\"container\">\n\t\t<div class=\"elementor-element elementor-element-38aaa86 e-con-full e-flex e-con e-child\" data-id=\"38aaa86\" data-element_type=\"container\">\n\t\t\t\t<div class=\"elementor-element elementor-element-c8b2f73 elementor-widget elementor-widget-hub_fancy_heading\" data-id=\"c8b2f73\" data-element_type=\"widget\" data-widget_type=\"hub_fancy_heading.default\">\n\t\t\t\t<div class=\"elementor-widget-container\">\n\t\t\t\t\t\n\t\t<div id=\"ld-fancy-heading-69de16dd603a8\" class=\"ld-fancy-heading pos-rel\">\n\t\t\t<p class=\"ld-fh-element d-inline-block pos-rel  lqd-highlight-classic lqd-highlight-grow-left p\"  > <b>MARKA:<\/b> UPOUT\n<br><b>\u015e\u0130RKET:<\/b> UPOUT<\/p>\t\t<\/div>\n\n\t\t\t\t\t\t<\/div>\n\t\t\t\t<\/div>\n\t\t\t\t<\/div>\n\t\t<div class=\"elementor-element elementor-element-cf1c9e7 e-con-full e-flex e-con e-child\" data-id=\"cf1c9e7\" data-element_type=\"container\">\n\t\t\t\t<div class=\"elementor-element elementor-element-5269b8a elementor-widget elementor-widget-image\" data-id=\"5269b8a\" data-element_type=\"widget\" data-widget_type=\"image.default\">\n\t\t\t\t\t\t\t\t\t\t\t\t\t\t\t<img decoding=\"async\" width=\"150\" height=\"150\" src=\"data:image\/svg+xml;charset=utf-8,%3Csvg xmlns%3D&#039;http%3A%2F%2Fwww.w3.org%2F2000%2Fsvg&#039; viewBox%3D&#039;0 0 150 150&#039;%2F%3E\" class=\"attachment-thumbnail size-thumbnail wp-image-10590 ld-lazyload\" alt=\"\" data-src=\"https:\/\/mhconsultancy.com.tr\/tr\/wp-content\/uploads\/sites\/3\/2025\/10\/REFERANSLAR-09-150x150.png\" data-srcset=\"https:\/\/mhconsultancy.com.tr\/tr\/wp-content\/uploads\/sites\/3\/2025\/10\/REFERANSLAR-09-150x150.png 150w, https:\/\/mhconsultancy.com.tr\/tr\/wp-content\/uploads\/sites\/3\/2025\/10\/REFERANSLAR-09-320x320.png 320w\" data-sizes=\"(max-width: 150px) 100vw, 150px\" data-aspect=\"1\" \/>\t\t\t\t\t\t\t\t\t\t\t\t\t\t\t<\/div>\n\t\t\t\t<\/div>\n\t\t\t\t<\/div>\n\t\t\t\t<div class=\"elementor-element elementor-element-d3832a9 elementor-widget elementor-widget-hub_fancy_heading\" data-id=\"d3832a9\" data-element_type=\"widget\" data-widget_type=\"hub_fancy_heading.default\">\n\t\t\t\t<div class=\"elementor-widget-container\">\n\t\t\t\t\t\n\t\t<div id=\"ld-fancy-heading-69de16dd6135d\" class=\"ld-fancy-heading pos-rel\">\n\t\t\t<p class=\"ld-fh-element d-inline-block pos-rel  lqd-highlight-classic lqd-highlight-grow-left p\"  > <b>WEB:<\/b><a href=\"https:\/\/www.upout.com\/\" target=\"_blank\" rel=\"noopener\"> www.upout.com<\/a>\n\n<b>&nbsp;&nbsp;&nbsp;&nbsp;|&nbsp;&nbsp;&nbsp;&nbsp;  SUNUM:<\/b><a href=\"https:\/\/kolektifmind.com\/mhc\/catalog\/Upout%202025%20web.pdf\" target=\"_blank\" rel=\"noopener\"> Upout 2025<\/a><\/p>\t\t<\/div>\n\n\t\t\t\t\t\t<\/div>\n\t\t\t\t<\/div>\n\t\t\t\t<\/div>\n\t\t<div class=\"elementor-element elementor-element-dce85ab e-con-full e-flex e-con e-child\" data-id=\"dce85ab\" data-element_type=\"container\">\n\t\t<div class=\"elementor-element elementor-element-8ea0df0 e-con-full e-flex e-con e-child\" data-id=\"8ea0df0\" data-element_type=\"container\">\n\t\t\t\t<div class=\"elementor-element elementor-element-454ab82 elementor-widget elementor-widget-hub_fancy_heading\" data-id=\"454ab82\" data-element_type=\"widget\" data-widget_type=\"hub_fancy_heading.default\">\n\t\t\t\t<div class=\"elementor-widget-container\">\n\t\t\t\t\t\n\t\t<div id=\"ld-fancy-heading-69de16dd61def\" class=\"ld-fancy-heading pos-rel\">\n\t\t\t<h2 class=\"ld-fh-element d-inline-block pos-rel  elementor-heading-title lqd-highlight-classic lqd-highlight-grow-left h2\"  > Profesyonel Ses, G\u00f6r\u00fcnt\u00fc ve LED Ayd\u0131nlatma Sistemleri<\/h2>\t\t<\/div>\n\n\t\t\t\t\t\t<\/div>\n\t\t\t\t<\/div>\n\t\t\t\t<div class=\"elementor-element elementor-element-0eb7db8 elementor-widget elementor-widget-hub_fancy_heading\" data-id=\"0eb7db8\" data-element_type=\"widget\" data-widget_type=\"hub_fancy_heading.default\">\n\t\t\t\t<div class=\"elementor-widget-container\">\n\t\t\t\t\t\n\t\t<div id=\"ld-fancy-heading-69de16dd6271f\" class=\"ld-fancy-heading pos-rel\">\n\t\t\t<p class=\"ld-fh-element d-inline-block pos-rel  lqd-highlight-classic lqd-highlight-grow-left p\"  > <b>H\u0130ZMET: <\/b> \u0130\u015e ORTA\u011eI, SATI\u015e\n\n<b>&nbsp;&nbsp;&nbsp;&nbsp;|&nbsp;&nbsp;&nbsp;&nbsp;  LOKASYON:<\/b> T\u00dcRK\u0130YE, AZERBAYCAN<\/p>\t\t<\/div>\n\n\t\t\t\t\t\t<\/div>\n\t\t\t\t<\/div>\n\t\t\t\t<div class=\"elementor-element elementor-element-002fe69 elementor-widget__width-initial elementor-widget-mobile__width-initial elementor-widget elementor-widget-hub_fancy_heading\" data-id=\"002fe69\" data-element_type=\"widget\" data-widget_type=\"hub_fancy_heading.default\">\n\t\t\t\t<div class=\"elementor-widget-container\">\n\t\t\t\t\t\n\t\t<div id=\"ld-fancy-heading-69de16dd630f1\" class=\"ld-fancy-heading pos-rel\">\n\t\t\t<p class=\"ld-fh-element d-inline-block pos-rel  lqd-highlight-classic lqd-highlight-grow-left p\"  > MH Consultancy, profesyonel ses, g\u00f6r\u00fcnt\u00fc ve LED ayd\u0131nlatma sistemleri alanlar\u0131nda kapsaml\u0131 \u00e7\u00f6z\u00fcmler sunar. Mikrofonlar, mikserler, amplifikat\u00f6rler, hoparl\u00f6rler ve kontrol \u00fcniteleri gibi bir\u00e7ok bile\u015fenden olu\u015fan ses sistemleri mek\u00e2nlara ve ihtiya\u00e7lara \u00f6zel olarak tasarlan\u0131r. Konser alanlar\u0131, ibadethaneler, e\u011fitim kurumlar\u0131, konferans salonlar\u0131, al\u0131\u015fveri\u015f merkezleri ve a\u00e7\u0131k hava etkinlikleri gibi farkl\u0131 ortamlarda kullan\u0131lmak \u00fczere projelendirilir.\n<br><br>G\u00f6r\u00fcnt\u00fc sistemleri; projeksiyon cihazlar\u0131, LED ekranlar, monit\u00f6rler, video wall sistemleri, video switcherlar, kontrol \u00fcniteleri ve sinyal da\u011f\u0131t\u0131m altyap\u0131lar\u0131ndan olu\u015fur. Her mek\u00e2n\u0131n \u00f6l\u00e7\u00fclerine, \u0131\u015f\u0131k ko\u015fullar\u0131na ve kullan\u0131m amac\u0131na g\u00f6re en uygun performans\u0131 sunacak \u015fekilde yap\u0131land\u0131r\u0131l\u0131r.\n<br><br>Bina giydirme \u0131\u015f\u0131k sistemleri, yap\u0131lar\u0131n d\u0131\u015f cephesine uygulanarak mimari hatlar\u0131 vurgulayan, dinamik ya da statik efektlerle gece g\u00f6r\u00fcn\u00fcm\u00fcn\u00fc zenginle\u015ftiren ayd\u0131nlatma \u00e7\u00f6z\u00fcmleridir. Modern LED teknolojisi sayesinde d\u00fc\u015f\u00fck enerji t\u00fcketimiyle y\u00fcksek g\u00f6rsel etki sa\u011flayarak binalar\u0131n kimli\u011fini \u00f6n plana \u00e7\u0131kar\u0131r.\n<\/p>\t\t<\/div>\n\n\t\t\t\t\t\t<\/div>\n\t\t\t\t<\/div>\n\t\t\t\t<\/div>\n\t\t\t\t<\/div>\n\t\t\t\t<\/div>\n\t\t\t\t<\/div>\n\t\t\t\t<\/div>\n\t\t","protected":false},"excerpt":{"rendered":"<p>MARKA: UPOUT \u015e\u0130RKET: UPOUT WEB: www.upout.com &nbsp;&nbsp;&nbsp;&nbsp;|&nbsp;&nbsp;&nbsp;&nbsp; SUNUM: Upout 2025 Profesyonel Ses, G\u00f6r\u00fcnt\u00fc ve LED Ayd\u0131nlatma Sistemleri H\u0130ZMET: \u0130\u015e ORTA\u011eI, SATI\u015e &nbsp;&nbsp;&nbsp;&nbsp;|&nbsp;&nbsp;&nbsp;&nbsp; LOKASYON: T\u00dcRK\u0130YE, AZERBAYCAN MH Consultancy, profesyonel ses, g\u00f6r\u00fcnt\u00fc ve LED ayd\u0131nlatma sistemleri alanlar\u0131nda kapsaml\u0131 \u00e7\u00f6z\u00fcmler sunar. Mikrofonlar, mikserler, amplifikat\u00f6rler, hoparl\u00f6rler ve kontrol \u00fcniteleri gibi bir\u00e7ok bile\u015fenden olu\u015fan ses sistemleri mek\u00e2nlara ve ihtiya\u00e7lara \u00f6zel [&hellip;]<\/p>\n","protected":false},"author":1,"featured_media":0,"parent":0,"menu_order":0,"comment_status":"closed","ping_status":"closed","template":"","meta":{"footnotes":""},"class_list":["post-10588","page","type-page","status-publish","hentry"],"_links":{"self":[{"href":"https:\/\/mhconsultancy.com.tr\/tr\/wp-json\/wp\/v2\/pages\/10588","targetHints":{"allow":["GET"]}}],"collection":[{"href":"https:\/\/mhconsultancy.com.tr\/tr\/wp-json\/wp\/v2\/pages"}],"about":[{"href":"https:\/\/mhconsultancy.com.tr\/tr\/wp-json\/wp\/v2\/types\/page"}],"author":[{"embeddable":true,"href":"https:\/\/mhconsultancy.com.tr\/tr\/wp-json\/wp\/v2\/users\/1"}],"replies":[{"embeddable":true,"href":"https:\/\/mhconsultancy.com.tr\/tr\/wp-json\/wp\/v2\/comments?post=10588"}],"version-history":[{"count":4,"href":"https:\/\/mhconsultancy.com.tr\/tr\/wp-json\/wp\/v2\/pages\/10588\/revisions"}],"predecessor-version":[{"id":10593,"href":"https:\/\/mhconsultancy.com.tr\/tr\/wp-json\/wp\/v2\/pages\/10588\/revisions\/10593"}],"wp:attachment":[{"href":"https:\/\/mhconsultancy.com.tr\/tr\/wp-json\/wp\/v2\/media?parent=10588"}],"curies":[{"name":"wp","href":"https:\/\/api.w.org\/{rel}","templated":true}]}}