{"id":10632,"date":"2025-10-23T20:38:39","date_gmt":"2025-10-23T17:38:39","guid":{"rendered":"https:\/\/mhconsultancy.com.tr\/tr\/?page_id=10632"},"modified":"2025-10-23T20:41:38","modified_gmt":"2025-10-23T17:41:38","slug":"ticari-danismanlik","status":"publish","type":"page","link":"https:\/\/mhconsultancy.com.tr\/tr\/ticari-danismanlik\/","title":{"rendered":"Ticari Dan\u0131\u015fmanl\u0131k"},"content":{"rendered":"\t\t<div data-elementor-type=\"wp-page\" data-elementor-id=\"10632\" class=\"elementor elementor-10632\">\n\t\t\t\t<div class=\"elementor-element elementor-element-ec3bca0 e-con-full e-flex e-con e-parent\" data-id=\"ec3bca0\" data-element_type=\"container\">\n\t\t<div class=\"elementor-element elementor-element-02009fb e-con-full e-flex e-con e-child\" data-id=\"02009fb\" data-element_type=\"container\">\n\t\t\t\t<div class=\"elementor-element elementor-element-2a99b78 elementor-widget elementor-widget-image\" data-id=\"2a99b78\" data-element_type=\"widget\" data-widget_type=\"image.default\">\n\t\t\t\t\t\t\t\t\t\t\t\t\t\t\t<img fetchpriority=\"high\" decoding=\"async\" width=\"780\" height=\"701\" src=\"https:\/\/mhconsultancy.com.tr\/tr\/wp-content\/uploads\/sites\/3\/2025\/10\/Ekran-Resmi-2025-10-09-13.45.29.png\" class=\"attachment-large size-large wp-image-10466\" alt=\"\" srcset=\"https:\/\/mhconsultancy.com.tr\/tr\/wp-content\/uploads\/sites\/3\/2025\/10\/Ekran-Resmi-2025-10-09-13.45.29.png 858w, https:\/\/mhconsultancy.com.tr\/tr\/wp-content\/uploads\/sites\/3\/2025\/10\/Ekran-Resmi-2025-10-09-13.45.29-300x270.png 300w\" sizes=\"(max-width: 780px) 100vw, 780px\" \/>\t\t\t\t\t\t\t\t\t\t\t\t\t\t\t<\/div>\n\t\t\t\t<\/div>\n\t\t<div class=\"elementor-element elementor-element-7c62c0a e-con-full e-flex e-con e-child\" data-id=\"7c62c0a\" data-element_type=\"container\">\n\t\t<div class=\"elementor-element elementor-element-c3dafd2 e-con-full e-flex e-con e-child\" data-id=\"c3dafd2\" data-element_type=\"container\">\n\t\t<div class=\"elementor-element elementor-element-6d403ba e-con-full e-flex e-con e-child\" data-id=\"6d403ba\" data-element_type=\"container\">\n\t\t<div class=\"elementor-element elementor-element-9c10186 e-con-full e-flex e-con e-child\" data-id=\"9c10186\" data-element_type=\"container\">\n\t\t\t\t<div class=\"elementor-element elementor-element-1279dbc elementor-widget elementor-widget-hub_fancy_heading\" data-id=\"1279dbc\" data-element_type=\"widget\" data-widget_type=\"hub_fancy_heading.default\">\n\t\t\t\t<div class=\"elementor-widget-container\">\n\t\t\t\t\t\n\t\t<div id=\"ld-fancy-heading-69de19ac804bb\" class=\"ld-fancy-heading pos-rel\">\n\t\t\t\t\t<\/div>\n\n\t\t\t\t\t\t<\/div>\n\t\t\t\t<\/div>\n\t\t\t\t<\/div>\n\t\t<div class=\"elementor-element elementor-element-8254921 e-con-full e-flex e-con e-child\" data-id=\"8254921\" data-element_type=\"container\">\n\t\t\t\t<div class=\"elementor-element elementor-element-4354ffa elementor-widget elementor-widget-image\" data-id=\"4354ffa\" data-element_type=\"widget\" data-widget_type=\"image.default\">\n\t\t\t\t\t\t\t\t\t\t\t\t\t\t\t<img decoding=\"async\" width=\"300\" height=\"44\" src=\"data:image\/svg+xml;charset=utf-8,%3Csvg xmlns%3D&#039;http%3A%2F%2Fwww.w3.org%2F2000%2Fsvg&#039; viewBox%3D&#039;0 0 300 44&#039;%2F%3E\" class=\"attachment-medium size-medium wp-image-10634 ld-lazyload\" alt=\"\" data-src=\"https:\/\/mhconsultancy.com.tr\/tr\/wp-content\/uploads\/sites\/3\/2025\/10\/trade-logo-300x44.webp\" data-srcset=\"https:\/\/mhconsultancy.com.tr\/tr\/wp-content\/uploads\/sites\/3\/2025\/10\/trade-logo-300x44.webp 300w, https:\/\/mhconsultancy.com.tr\/tr\/wp-content\/uploads\/sites\/3\/2025\/10\/trade-logo.webp 619w\" data-sizes=\"(max-width: 300px) 100vw, 300px\" data-aspect=\"6.8181818181818\" \/>\t\t\t\t\t\t\t\t\t\t\t\t\t\t\t<\/div>\n\t\t\t\t<\/div>\n\t\t\t\t<\/div>\n\t\t\t\t<div class=\"elementor-element elementor-element-05dab18 elementor-widget elementor-widget-hub_fancy_heading\" data-id=\"05dab18\" data-element_type=\"widget\" data-widget_type=\"hub_fancy_heading.default\">\n\t\t\t\t<div class=\"elementor-widget-container\">\n\t\t\t\t\t\n\t\t<div id=\"ld-fancy-heading-69de19ac80f52\" class=\"ld-fancy-heading pos-rel\">\n\t\t\t<p class=\"ld-fh-element d-inline-block pos-rel  lqd-highlight-classic lqd-highlight-grow-left p\"  > <b>WEB:<\/b><a href=\"https:\/\/oddotex.com\" target=\"_blank\" rel=\"noopener\"> www.oddotex.com<\/a>\n\n<b>&nbsp;&nbsp;&nbsp;&nbsp;|&nbsp;&nbsp;&nbsp;&nbsp;WEB:<\/b><span style=\"font-weight: normal\"> <\/span><a href=\"https:\/\/www.aymholding.com\/\" target=\"_blank\" rel=\"noopener\">www.aymholding.com<b> <\/b><\/a><b style=\"font-weight: bold\">\n\n&nbsp;&nbsp;&nbsp;&nbsp;|&nbsp;&nbsp;&nbsp;&nbsp;  <\/b><b>SUNUM:<\/b><a href=\"https:\/\/kolektifmind.com\/mhc\/catalog\/Oddotex%20Company%20Profile%202025%20web.pdf\" target=\"_blank\" rel=\"noopener\"><b> <\/b>Oddo Tex 2025<\/a><\/p>\t\t<\/div>\n\n\t\t\t\t\t\t<\/div>\n\t\t\t\t<\/div>\n\t\t\t\t<\/div>\n\t\t<div class=\"elementor-element elementor-element-bed5e3f e-con-full e-flex e-con e-child\" data-id=\"bed5e3f\" data-element_type=\"container\">\n\t\t<div class=\"elementor-element elementor-element-55adf5d e-con-full e-flex e-con e-child\" data-id=\"55adf5d\" data-element_type=\"container\">\n\t\t\t\t<div class=\"elementor-element elementor-element-ab10888 elementor-widget elementor-widget-hub_fancy_heading\" data-id=\"ab10888\" data-element_type=\"widget\" data-widget_type=\"hub_fancy_heading.default\">\n\t\t\t\t<div class=\"elementor-widget-container\">\n\t\t\t\t\t\n\t\t<div id=\"ld-fancy-heading-69de19ac81d53\" class=\"ld-fancy-heading pos-rel\">\n\t\t\t<h2 class=\"ld-fh-element d-inline-block pos-rel  elementor-heading-title lqd-highlight-classic lqd-highlight-grow-left h2\"  > Ticari Dan\u0131\u015fmanl\u0131k<\/h2>\t\t<\/div>\n\n\t\t\t\t\t\t<\/div>\n\t\t\t\t<\/div>\n\t\t\t\t<div class=\"elementor-element elementor-element-dc7c484 elementor-widget elementor-widget-hub_fancy_heading\" data-id=\"dc7c484\" data-element_type=\"widget\" data-widget_type=\"hub_fancy_heading.default\">\n\t\t\t\t<div class=\"elementor-widget-container\">\n\t\t\t\t\t\n\t\t<div id=\"ld-fancy-heading-69de19ac826a2\" class=\"ld-fancy-heading pos-rel\">\n\t\t\t<p class=\"ld-fh-element d-inline-block pos-rel  lqd-highlight-classic lqd-highlight-grow-left p\"  > <b>H\u0130ZMET: <\/b>T\u0130CAR\u0130 H\u0130ZMETLER\n\n<b>&nbsp;&nbsp;&nbsp;&nbsp;|&nbsp;&nbsp;&nbsp;&nbsp;  LOKASYON:<\/b> T\u00dcRK\u0130YE<\/p>\t\t<\/div>\n\n\t\t\t\t\t\t<\/div>\n\t\t\t\t<\/div>\n\t\t\t\t<div class=\"elementor-element elementor-element-6307422 elementor-widget__width-initial elementor-widget-mobile__width-initial elementor-widget elementor-widget-hub_fancy_heading\" data-id=\"6307422\" data-element_type=\"widget\" data-widget_type=\"hub_fancy_heading.default\">\n\t\t\t\t<div class=\"elementor-widget-container\">\n\t\t\t\t\t\n\t\t<div id=\"ld-fancy-heading-69de19ac830a7\" class=\"ld-fancy-heading pos-rel\">\n\t\t\t<p class=\"ld-fh-element d-inline-block pos-rel  lqd-highlight-classic lqd-highlight-grow-left p\"  > K\u00fcresel pazarda g\u00fcvenle hareket etmeyi sa\u011flayan ticaret hizmetleri, i\u015fletmelerin i\u015f s\u00fcre\u00e7lerini ve ba\u011flant\u0131lar\u0131n\u0131 sorunsuz bir \u015fekilde y\u00f6netmesine imk\u00e2n tan\u0131r.\n<\/p>\t\t<\/div>\n\n\t\t\t\t\t\t<\/div>\n\t\t\t\t<\/div>\n\t\t\t\t<\/div>\n\t\t\t\t<\/div>\n\t\t\t\t<\/div>\n\t\t\t\t<\/div>\n\t\t\t\t<\/div>\n\t\t","protected":false},"excerpt":{"rendered":"<p>WEB: www.oddotex.com &nbsp;&nbsp;&nbsp;&nbsp;|&nbsp;&nbsp;&nbsp;&nbsp;WEB: www.aymholding.com &nbsp;&nbsp;&nbsp;&nbsp;|&nbsp;&nbsp;&nbsp;&nbsp; SUNUM: Oddo Tex 2025 Ticari Dan\u0131\u015fmanl\u0131k H\u0130ZMET: T\u0130CAR\u0130 H\u0130ZMETLER &nbsp;&nbsp;&nbsp;&nbsp;|&nbsp;&nbsp;&nbsp;&nbsp; LOKASYON: T\u00dcRK\u0130YE K\u00fcresel pazarda g\u00fcvenle hareket etmeyi sa\u011flayan ticaret hizmetleri, i\u015fletmelerin i\u015f s\u00fcre\u00e7lerini ve ba\u011flant\u0131lar\u0131n\u0131 sorunsuz bir \u015fekilde y\u00f6netmesine imk\u00e2n tan\u0131r.<\/p>\n","protected":false},"author":1,"featured_media":0,"parent":0,"menu_order":0,"comment_status":"closed","ping_status":"closed","template":"","meta":{"footnotes":""},"class_list":["post-10632","page","type-page","status-publish","hentry"],"_links":{"self":[{"href":"https:\/\/mhconsultancy.com.tr\/tr\/wp-json\/wp\/v2\/pages\/10632","targetHints":{"allow":["GET"]}}],"collection":[{"href":"https:\/\/mhconsultancy.com.tr\/tr\/wp-json\/wp\/v2\/pages"}],"about":[{"href":"https:\/\/mhconsultancy.com.tr\/tr\/wp-json\/wp\/v2\/types\/page"}],"author":[{"embeddable":true,"href":"https:\/\/mhconsultancy.com.tr\/tr\/wp-json\/wp\/v2\/users\/1"}],"replies":[{"embeddable":true,"href":"https:\/\/mhconsultancy.com.tr\/tr\/wp-json\/wp\/v2\/comments?post=10632"}],"version-history":[{"count":10,"href":"https:\/\/mhconsultancy.com.tr\/tr\/wp-json\/wp\/v2\/pages\/10632\/revisions"}],"predecessor-version":[{"id":10643,"href":"https:\/\/mhconsultancy.com.tr\/tr\/wp-json\/wp\/v2\/pages\/10632\/revisions\/10643"}],"wp:attachment":[{"href":"https:\/\/mhconsultancy.com.tr\/tr\/wp-json\/wp\/v2\/media?parent=10632"}],"curies":[{"name":"wp","href":"https:\/\/api.w.org\/{rel}","templated":true}]}}