{"id":10650,"date":"2025-10-23T20:43:21","date_gmt":"2025-10-23T17:43:21","guid":{"rendered":"https:\/\/mhconsultancy.com.tr\/tr\/?page_id=10650"},"modified":"2025-10-23T20:46:44","modified_gmt":"2025-10-23T17:46:44","slug":"ucus-yemek-hizmetleri","status":"publish","type":"page","link":"https:\/\/mhconsultancy.com.tr\/tr\/ucus-yemek-hizmetleri\/","title":{"rendered":"U\u00e7u\u015f Yemek Hizmetleri"},"content":{"rendered":"\t\t<div data-elementor-type=\"wp-page\" data-elementor-id=\"10650\" class=\"elementor elementor-10650\">\n\t\t\t\t<div class=\"elementor-element elementor-element-23b251e e-con-full e-flex e-con e-parent\" data-id=\"23b251e\" data-element_type=\"container\">\n\t\t<div class=\"elementor-element elementor-element-4ff51e1 e-con-full e-flex e-con e-child\" data-id=\"4ff51e1\" data-element_type=\"container\">\n\t\t\t\t<div class=\"elementor-element elementor-element-d3fa677 elementor-widget elementor-widget-image\" data-id=\"d3fa677\" data-element_type=\"widget\" data-widget_type=\"image.default\">\n\t\t\t\t\t\t\t\t\t\t\t\t\t\t\t<img fetchpriority=\"high\" decoding=\"async\" width=\"780\" height=\"840\" src=\"https:\/\/mhconsultancy.com.tr\/tr\/wp-content\/uploads\/sites\/3\/2025\/10\/inflight-951x1024.webp\" class=\"attachment-large size-large wp-image-10463\" alt=\"\" srcset=\"https:\/\/mhconsultancy.com.tr\/tr\/wp-content\/uploads\/sites\/3\/2025\/10\/inflight-951x1024.webp 951w, https:\/\/mhconsultancy.com.tr\/tr\/wp-content\/uploads\/sites\/3\/2025\/10\/inflight-279x300.webp 279w, https:\/\/mhconsultancy.com.tr\/tr\/wp-content\/uploads\/sites\/3\/2025\/10\/inflight.webp 1173w\" sizes=\"(max-width: 780px) 100vw, 780px\" \/>\t\t\t\t\t\t\t\t\t\t\t\t\t\t\t<\/div>\n\t\t\t\t<\/div>\n\t\t<div class=\"elementor-element elementor-element-c12aa8b e-con-full e-flex e-con e-child\" data-id=\"c12aa8b\" data-element_type=\"container\">\n\t\t<div class=\"elementor-element elementor-element-d8fcf59 e-con-full e-flex e-con e-child\" data-id=\"d8fcf59\" data-element_type=\"container\">\n\t\t<div class=\"elementor-element elementor-element-ad715f6 e-con-full e-flex e-con e-child\" data-id=\"ad715f6\" data-element_type=\"container\">\n\t\t<div class=\"elementor-element elementor-element-5299c24 e-con-full e-flex e-con e-child\" data-id=\"5299c24\" data-element_type=\"container\">\n\t\t\t\t<div class=\"elementor-element elementor-element-2c97f7a elementor-widget elementor-widget-hub_fancy_heading\" data-id=\"2c97f7a\" data-element_type=\"widget\" data-widget_type=\"hub_fancy_heading.default\">\n\t\t\t\t<div class=\"elementor-widget-container\">\n\t\t\t\t\t\n\t\t<div id=\"ld-fancy-heading-69de1796c38b6\" class=\"ld-fancy-heading pos-rel\">\n\t\t\t<p class=\"ld-fh-element d-inline-block pos-rel  lqd-highlight-classic lqd-highlight-grow-left p\"  > <b>MARKA:<\/b> INFLIGHT CHEFS\n\n<br><b>\u015e\u0130RKET:<\/b> KZ BALANCE<\/p>\t\t<\/div>\n\n\t\t\t\t\t\t<\/div>\n\t\t\t\t<\/div>\n\t\t\t\t<\/div>\n\t\t<div class=\"elementor-element elementor-element-77284a1 e-con-full e-flex e-con e-child\" data-id=\"77284a1\" data-element_type=\"container\">\n\t\t\t\t<div class=\"elementor-element elementor-element-dc29d10 elementor-widget elementor-widget-image\" data-id=\"dc29d10\" data-element_type=\"widget\" data-widget_type=\"image.default\">\n\t\t\t\t\t\t\t\t\t\t\t\t\t\t\t<img decoding=\"async\" width=\"300\" height=\"68\" src=\"data:image\/svg+xml;charset=utf-8,%3Csvg xmlns%3D&#039;http%3A%2F%2Fwww.w3.org%2F2000%2Fsvg&#039; viewBox%3D&#039;0 0 300 68&#039;%2F%3E\" class=\"attachment-medium size-medium wp-image-10652 ld-lazyload\" alt=\"\" data-src=\"https:\/\/mhconsultancy.com.tr\/tr\/wp-content\/uploads\/sites\/3\/2025\/10\/1-300x68.webp\" data-srcset=\"https:\/\/mhconsultancy.com.tr\/tr\/wp-content\/uploads\/sites\/3\/2025\/10\/1-300x68.webp 300w, https:\/\/mhconsultancy.com.tr\/tr\/wp-content\/uploads\/sites\/3\/2025\/10\/1.webp 501w\" data-sizes=\"(max-width: 300px) 100vw, 300px\" data-aspect=\"4.4117647058824\" \/>\t\t\t\t\t\t\t\t\t\t\t\t\t\t\t<\/div>\n\t\t\t\t<\/div>\n\t\t\t\t<\/div>\n\t\t\t\t<div class=\"elementor-element elementor-element-78829fa elementor-widget elementor-widget-hub_fancy_heading\" data-id=\"78829fa\" data-element_type=\"widget\" data-widget_type=\"hub_fancy_heading.default\">\n\t\t\t\t<div class=\"elementor-widget-container\">\n\t\t\t\t\t\n\t\t<div id=\"ld-fancy-heading-69de1796c48c3\" class=\"ld-fancy-heading pos-rel\">\n\t\t\t<p class=\"ld-fh-element d-inline-block pos-rel  lqd-highlight-classic lqd-highlight-grow-left p\"  > <b><\/b><a href=\" \" target=\"_blank\" rel=\"noopener\"><\/a>\n\n<b>&nbsp;&nbsp;&nbsp;&nbsp;|&nbsp;&nbsp;&nbsp;&nbsp;  SUNUM:<\/b><a href=\"https:\/\/kolektifmind.com\/mhc\/catalog\/Inflight%20Chefs%202025%20web.pdf\" target=\"_blank\" rel=\"noopener\"> INFLIGHT CHEFS 2025<\/a><\/p>\t\t<\/div>\n\n\t\t\t\t\t\t<\/div>\n\t\t\t\t<\/div>\n\t\t\t\t<\/div>\n\t\t<div class=\"elementor-element elementor-element-658c278 e-con-full e-flex e-con e-child\" data-id=\"658c278\" data-element_type=\"container\">\n\t\t<div class=\"elementor-element elementor-element-60a2b6f e-con-full e-flex e-con e-child\" data-id=\"60a2b6f\" data-element_type=\"container\">\n\t\t\t\t<div class=\"elementor-element elementor-element-cfb5839 elementor-widget elementor-widget-hub_fancy_heading\" data-id=\"cfb5839\" data-element_type=\"widget\" data-widget_type=\"hub_fancy_heading.default\">\n\t\t\t\t<div class=\"elementor-widget-container\">\n\t\t\t\t\t\n\t\t<div id=\"ld-fancy-heading-69de1796c5459\" class=\"ld-fancy-heading pos-rel\">\n\t\t\t<h2 class=\"ld-fh-element d-inline-block pos-rel  elementor-heading-title lqd-highlight-classic lqd-highlight-grow-left h2\"  > U\u00e7u\u015f Yemek Hizmetleri<\/h2>\t\t<\/div>\n\n\t\t\t\t\t\t<\/div>\n\t\t\t\t<\/div>\n\t\t\t\t<div class=\"elementor-element elementor-element-2aacb70 elementor-widget elementor-widget-hub_fancy_heading\" data-id=\"2aacb70\" data-element_type=\"widget\" data-widget_type=\"hub_fancy_heading.default\">\n\t\t\t\t<div class=\"elementor-widget-container\">\n\t\t\t\t\t\n\t\t<div id=\"ld-fancy-heading-69de1796c5df0\" class=\"ld-fancy-heading pos-rel\">\n\t\t\t<p class=\"ld-fh-element d-inline-block pos-rel  lqd-highlight-classic lqd-highlight-grow-left p\"  > <b>H\u0130ZMET: <\/b>YEMEK SERV\u0130S\u0130\n\n<b>&nbsp;&nbsp;&nbsp;&nbsp;|&nbsp;&nbsp;&nbsp;&nbsp;  LOKASYON:<\/b> KAZAK\u0130STAN, KIRGIZ\u0130STAN<\/p>\t\t<\/div>\n\n\t\t\t\t\t\t<\/div>\n\t\t\t\t<\/div>\n\t\t\t\t<div class=\"elementor-element elementor-element-4fbdd35 elementor-widget__width-initial elementor-widget-mobile__width-initial elementor-widget elementor-widget-hub_fancy_heading\" data-id=\"4fbdd35\" data-element_type=\"widget\" data-widget_type=\"hub_fancy_heading.default\">\n\t\t\t\t<div class=\"elementor-widget-container\">\n\t\t\t\t\t\n\t\t<div id=\"ld-fancy-heading-69de1796c67e6\" class=\"ld-fancy-heading pos-rel\">\n\t\t\t<p class=\"ld-fh-element d-inline-block pos-rel  lqd-highlight-classic lqd-highlight-grow-left p\"  > MH Consultancy, u\u00e7ak seyahatlerinde ayr\u0131cal\u0131kl\u0131 bir deneyim ya\u015fatmak i\u00e7in tasarlanm\u0131\u015f u\u00e7u\u015f yemek hizmetleri sunmaktad\u0131r. Almat\u0131 Havaliman\u0131\u2019nda y\u00fcksek kalite standartlar\u0131na ba\u011fl\u0131 kalarak damak zevkine hitap eden \u00e7\u00f6z\u00fcmler \u00fcretmektedir.\n<\/p>\t\t<\/div>\n\n\t\t\t\t\t\t<\/div>\n\t\t\t\t<\/div>\n\t\t\t\t<\/div>\n\t\t\t\t<\/div>\n\t\t\t\t<\/div>\n\t\t\t\t<\/div>\n\t\t\t\t<\/div>\n\t\t","protected":false},"excerpt":{"rendered":"<p>MARKA: INFLIGHT CHEFS \u015e\u0130RKET: KZ BALANCE &nbsp;&nbsp;&nbsp;&nbsp;|&nbsp;&nbsp;&nbsp;&nbsp; SUNUM: INFLIGHT CHEFS 2025 U\u00e7u\u015f Yemek Hizmetleri H\u0130ZMET: YEMEK SERV\u0130S\u0130 &nbsp;&nbsp;&nbsp;&nbsp;|&nbsp;&nbsp;&nbsp;&nbsp; LOKASYON: KAZAK\u0130STAN, KIRGIZ\u0130STAN MH Consultancy, u\u00e7ak seyahatlerinde ayr\u0131cal\u0131kl\u0131 bir deneyim ya\u015fatmak i\u00e7in tasarlanm\u0131\u015f u\u00e7u\u015f yemek hizmetleri sunmaktad\u0131r. Almat\u0131 Havaliman\u0131\u2019nda y\u00fcksek kalite standartlar\u0131na ba\u011fl\u0131 kalarak damak zevkine hitap eden \u00e7\u00f6z\u00fcmler \u00fcretmektedir.<\/p>\n","protected":false},"author":1,"featured_media":0,"parent":0,"menu_order":0,"comment_status":"closed","ping_status":"closed","template":"","meta":{"footnotes":""},"class_list":["post-10650","page","type-page","status-publish","hentry"],"_links":{"self":[{"href":"https:\/\/mhconsultancy.com.tr\/tr\/wp-json\/wp\/v2\/pages\/10650","targetHints":{"allow":["GET"]}}],"collection":[{"href":"https:\/\/mhconsultancy.com.tr\/tr\/wp-json\/wp\/v2\/pages"}],"about":[{"href":"https:\/\/mhconsultancy.com.tr\/tr\/wp-json\/wp\/v2\/types\/page"}],"author":[{"embeddable":true,"href":"https:\/\/mhconsultancy.com.tr\/tr\/wp-json\/wp\/v2\/users\/1"}],"replies":[{"embeddable":true,"href":"https:\/\/mhconsultancy.com.tr\/tr\/wp-json\/wp\/v2\/comments?post=10650"}],"version-history":[{"count":4,"href":"https:\/\/mhconsultancy.com.tr\/tr\/wp-json\/wp\/v2\/pages\/10650\/revisions"}],"predecessor-version":[{"id":10655,"href":"https:\/\/mhconsultancy.com.tr\/tr\/wp-json\/wp\/v2\/pages\/10650\/revisions\/10655"}],"wp:attachment":[{"href":"https:\/\/mhconsultancy.com.tr\/tr\/wp-json\/wp\/v2\/media?parent=10650"}],"curies":[{"name":"wp","href":"https:\/\/api.w.org\/{rel}","templated":true}]}}