{"id":10662,"date":"2025-10-23T20:48:10","date_gmt":"2025-10-23T17:48:10","guid":{"rendered":"https:\/\/mhconsultancy.com.tr\/tr\/?page_id=10662"},"modified":"2025-10-23T20:49:42","modified_gmt":"2025-10-23T17:49:42","slug":"vale-hizmetleri","status":"publish","type":"page","link":"https:\/\/mhconsultancy.com.tr\/tr\/vale-hizmetleri\/","title":{"rendered":"Vale Hizmetleri"},"content":{"rendered":"\t\t<div data-elementor-type=\"wp-page\" data-elementor-id=\"10662\" class=\"elementor elementor-10662\">\n\t\t\t\t<div class=\"elementor-element elementor-element-a5e4b47 e-con-full e-flex e-con e-parent\" data-id=\"a5e4b47\" data-element_type=\"container\">\n\t\t<div class=\"elementor-element elementor-element-b09bfd5 e-con-full e-flex e-con e-child\" data-id=\"b09bfd5\" data-element_type=\"container\">\n\t\t\t\t<div class=\"elementor-element elementor-element-418dfea elementor-widget elementor-widget-image\" data-id=\"418dfea\" data-element_type=\"widget\" data-widget_type=\"image.default\">\n\t\t\t\t\t\t\t\t\t\t\t\t\t\t\t<img fetchpriority=\"high\" decoding=\"async\" width=\"525\" height=\"626\" src=\"https:\/\/mhconsultancy.com.tr\/tr\/wp-content\/uploads\/sites\/3\/2025\/10\/WhatsApp-Image-2025-10-03-at-17.00.31.jpeg\" class=\"attachment-large size-large wp-image-10664\" alt=\"\" srcset=\"https:\/\/mhconsultancy.com.tr\/tr\/wp-content\/uploads\/sites\/3\/2025\/10\/WhatsApp-Image-2025-10-03-at-17.00.31.jpeg 525w, https:\/\/mhconsultancy.com.tr\/tr\/wp-content\/uploads\/sites\/3\/2025\/10\/WhatsApp-Image-2025-10-03-at-17.00.31-252x300.jpeg 252w\" sizes=\"(max-width: 525px) 100vw, 525px\" \/>\t\t\t\t\t\t\t\t\t\t\t\t\t\t\t<\/div>\n\t\t\t\t<\/div>\n\t\t<div class=\"elementor-element elementor-element-e990543 e-con-full e-flex e-con e-child\" data-id=\"e990543\" data-element_type=\"container\">\n\t\t<div class=\"elementor-element elementor-element-11840d7 e-con-full e-flex e-con e-child\" data-id=\"11840d7\" data-element_type=\"container\">\n\t\t<div class=\"elementor-element elementor-element-44ba2b7 e-con-full e-flex e-con e-child\" data-id=\"44ba2b7\" data-element_type=\"container\">\n\t\t<div class=\"elementor-element elementor-element-dd46d51 e-con-full e-flex e-con e-child\" data-id=\"dd46d51\" data-element_type=\"container\">\n\t\t\t\t<div class=\"elementor-element elementor-element-5cdb178 elementor-widget elementor-widget-hub_fancy_heading\" data-id=\"5cdb178\" data-element_type=\"widget\" data-widget_type=\"hub_fancy_heading.default\">\n\t\t\t\t<div class=\"elementor-widget-container\">\n\t\t\t\t\t\n\t\t<div id=\"ld-fancy-heading-69de1805c9a0f\" class=\"ld-fancy-heading pos-rel\">\n\t\t\t<p class=\"ld-fh-element d-inline-block pos-rel  lqd-highlight-classic lqd-highlight-grow-left p\"  > <b>MARKA:<\/b> AUTOWINPARK, VINNVALE\n\n<br><b>\u015e\u0130RKET:<\/b> AUTOWINPARK, VINNVALE<\/p>\t\t<\/div>\n\n\t\t\t\t\t\t<\/div>\n\t\t\t\t<\/div>\n\t\t\t\t<\/div>\n\t\t<div class=\"elementor-element elementor-element-ee900cd e-con-full e-flex e-con e-child\" data-id=\"ee900cd\" data-element_type=\"container\">\n\t\t\t\t<div class=\"elementor-element elementor-element-cb707af elementor-widget elementor-widget-image\" data-id=\"cb707af\" data-element_type=\"widget\" data-widget_type=\"image.default\">\n\t\t\t\t\t\t\t\t\t\t\t\t\t\t\t<img decoding=\"async\" width=\"2019\" height=\"307\" src=\"data:image\/svg+xml;charset=utf-8,%3Csvg xmlns%3D&#039;http%3A%2F%2Fwww.w3.org%2F2000%2Fsvg&#039; viewBox%3D&#039;0 0 2019 307&#039;%2F%3E\" class=\"attachment-full size-full wp-image-10665 ld-lazyload\" alt=\"\" data-src=\"https:\/\/mhconsultancy.com.tr\/tr\/wp-content\/uploads\/sites\/3\/2025\/10\/autowinn.png\" data-srcset=\"https:\/\/mhconsultancy.com.tr\/tr\/wp-content\/uploads\/sites\/3\/2025\/10\/autowinn.png 2019w, https:\/\/mhconsultancy.com.tr\/tr\/wp-content\/uploads\/sites\/3\/2025\/10\/autowinn-300x46.png 300w, https:\/\/mhconsultancy.com.tr\/tr\/wp-content\/uploads\/sites\/3\/2025\/10\/autowinn-1024x156.png 1024w, https:\/\/mhconsultancy.com.tr\/tr\/wp-content\/uploads\/sites\/3\/2025\/10\/autowinn-1536x234.png 1536w\" data-sizes=\"(max-width: 2019px) 100vw, 2019px\" data-aspect=\"6.5765472312704\" \/>\t\t\t\t\t\t\t\t\t\t\t\t\t\t\t<\/div>\n\t\t\t\t<\/div>\n\t\t\t\t<\/div>\n\t\t\t\t<div class=\"elementor-element elementor-element-3f5ca63 elementor-widget elementor-widget-hub_fancy_heading\" data-id=\"3f5ca63\" data-element_type=\"widget\" data-widget_type=\"hub_fancy_heading.default\">\n\t\t\t\t<div class=\"elementor-widget-container\">\n\t\t\t\t\t\n\t\t<div id=\"ld-fancy-heading-69de1805caa70\" class=\"ld-fancy-heading pos-rel\">\n\t\t\t<p class=\"ld-fh-element d-inline-block pos-rel  lqd-highlight-classic lqd-highlight-grow-left p\"  > <b><\/b><a href=\" \" target=\"_blank\" rel=\"noopener\"> <\/a>\n\n<b>&nbsp;&nbsp;&nbsp;&nbsp;|&nbsp;&nbsp;&nbsp;&nbsp;  SUNUM:<\/b><a href=\"https:\/\/kolektifmind.com\/mhc\/catalog\/Autowinnpark%202025%20web.pdf\" target=\"_blank\" rel=\"noopener\"> Autowinnpark 2025<\/a><\/p>\t\t<\/div>\n\n\t\t\t\t\t\t<\/div>\n\t\t\t\t<\/div>\n\t\t\t\t<\/div>\n\t\t<div class=\"elementor-element elementor-element-18a67fd e-con-full e-flex e-con e-child\" data-id=\"18a67fd\" data-element_type=\"container\">\n\t\t<div class=\"elementor-element elementor-element-dbdddbf e-con-full e-flex e-con e-child\" data-id=\"dbdddbf\" data-element_type=\"container\">\n\t\t\t\t<div class=\"elementor-element elementor-element-94661ca elementor-widget elementor-widget-hub_fancy_heading\" data-id=\"94661ca\" data-element_type=\"widget\" data-widget_type=\"hub_fancy_heading.default\">\n\t\t\t\t<div class=\"elementor-widget-container\">\n\t\t\t\t\t\n\t\t<div id=\"ld-fancy-heading-69de1805cb514\" class=\"ld-fancy-heading pos-rel\">\n\t\t\t<h2 class=\"ld-fh-element d-inline-block pos-rel  elementor-heading-title lqd-highlight-classic lqd-highlight-grow-left h2\"  > Vale Hizmetleri<\/h2>\t\t<\/div>\n\n\t\t\t\t\t\t<\/div>\n\t\t\t\t<\/div>\n\t\t\t\t<div class=\"elementor-element elementor-element-7413c07 elementor-widget elementor-widget-hub_fancy_heading\" data-id=\"7413c07\" data-element_type=\"widget\" data-widget_type=\"hub_fancy_heading.default\">\n\t\t\t\t<div class=\"elementor-widget-container\">\n\t\t\t\t\t\n\t\t<div id=\"ld-fancy-heading-69de1805cbeb0\" class=\"ld-fancy-heading pos-rel\">\n\t\t\t<p class=\"ld-fh-element d-inline-block pos-rel  lqd-highlight-classic lqd-highlight-grow-left p\"  > <b>H\u0130ZMET: <\/b>\u0130\u015e ORTA\u011eI\n\n<b>&nbsp;&nbsp;&nbsp;&nbsp;|&nbsp;&nbsp;&nbsp;&nbsp;  LOKASYON:<\/b> T\u00dcRK\u0130YE<\/p>\t\t<\/div>\n\n\t\t\t\t\t\t<\/div>\n\t\t\t\t<\/div>\n\t\t\t\t<div class=\"elementor-element elementor-element-a1af528 elementor-widget__width-initial elementor-widget-mobile__width-initial elementor-widget elementor-widget-hub_fancy_heading\" data-id=\"a1af528\" data-element_type=\"widget\" data-widget_type=\"hub_fancy_heading.default\">\n\t\t\t\t<div class=\"elementor-widget-container\">\n\t\t\t\t\t\n\t\t<div id=\"ld-fancy-heading-69de1805cc898\" class=\"ld-fancy-heading pos-rel\">\n\t\t\t<p class=\"ld-fh-element d-inline-block pos-rel  lqd-highlight-classic lqd-highlight-grow-left p\"  > MH Consultacy, profesyonel vale hizmetleri ile ara\u00e7lar\u0131n d\u00fczenini ve g\u00fcvenli\u011fini sa\u011flar. Otopark y\u00f6netimi kapsam\u0131nda; plaka tan\u0131ma, bariyerleme ve kamera sistemlerinin yan\u0131 s\u0131ra, manuel \u00f6deme noktalar\u0131 ve otomatik \u00f6deme kiosklar\u0131yla b\u00fct\u00fcnc\u00fcl \u00e7\u00f6z\u00fcmler sunar. Y\u0131kama hizmetlerinde ise \u00f6zel yaz\u0131l\u0131m programlar\u0131, el terminalleri ve PTS entegrasyonu sayesinde s\u00fcre\u00e7leri h\u0131zland\u0131ran, teknolojik bir altyap\u0131y\u0131 hayata ge\u00e7irir.\n<br><br>Ba\u015fta Tersane \u0130stanbul olmak \u00fczere, Fairmont Otel, Quasar Rezidans ve Dada Salon Kabarett gibi her biri kendi alan\u0131nda prestijli projelerde vale hizmetleriyle fark yaratmaktad\u0131r.<\/p>\t\t<\/div>\n\n\t\t\t\t\t\t<\/div>\n\t\t\t\t<\/div>\n\t\t\t\t<\/div>\n\t\t\t\t<\/div>\n\t\t\t\t<\/div>\n\t\t\t\t<\/div>\n\t\t\t\t<\/div>\n\t\t","protected":false},"excerpt":{"rendered":"<p>MARKA: AUTOWINPARK, VINNVALE \u015e\u0130RKET: AUTOWINPARK, VINNVALE &nbsp;&nbsp;&nbsp;&nbsp;|&nbsp;&nbsp;&nbsp;&nbsp; SUNUM: Autowinnpark 2025 Vale Hizmetleri H\u0130ZMET: \u0130\u015e ORTA\u011eI &nbsp;&nbsp;&nbsp;&nbsp;|&nbsp;&nbsp;&nbsp;&nbsp; LOKASYON: T\u00dcRK\u0130YE MH Consultacy, profesyonel vale hizmetleri ile ara\u00e7lar\u0131n d\u00fczenini ve g\u00fcvenli\u011fini sa\u011flar. Otopark y\u00f6netimi kapsam\u0131nda; plaka tan\u0131ma, bariyerleme ve kamera sistemlerinin yan\u0131 s\u0131ra, manuel \u00f6deme noktalar\u0131 ve otomatik \u00f6deme kiosklar\u0131yla b\u00fct\u00fcnc\u00fcl \u00e7\u00f6z\u00fcmler sunar. Y\u0131kama hizmetlerinde ise \u00f6zel yaz\u0131l\u0131m [&hellip;]<\/p>\n","protected":false},"author":1,"featured_media":0,"parent":0,"menu_order":0,"comment_status":"closed","ping_status":"closed","template":"","meta":{"footnotes":""},"class_list":["post-10662","page","type-page","status-publish","hentry"],"_links":{"self":[{"href":"https:\/\/mhconsultancy.com.tr\/tr\/wp-json\/wp\/v2\/pages\/10662","targetHints":{"allow":["GET"]}}],"collection":[{"href":"https:\/\/mhconsultancy.com.tr\/tr\/wp-json\/wp\/v2\/pages"}],"about":[{"href":"https:\/\/mhconsultancy.com.tr\/tr\/wp-json\/wp\/v2\/types\/page"}],"author":[{"embeddable":true,"href":"https:\/\/mhconsultancy.com.tr\/tr\/wp-json\/wp\/v2\/users\/1"}],"replies":[{"embeddable":true,"href":"https:\/\/mhconsultancy.com.tr\/tr\/wp-json\/wp\/v2\/comments?post=10662"}],"version-history":[{"count":4,"href":"https:\/\/mhconsultancy.com.tr\/tr\/wp-json\/wp\/v2\/pages\/10662\/revisions"}],"predecessor-version":[{"id":10668,"href":"https:\/\/mhconsultancy.com.tr\/tr\/wp-json\/wp\/v2\/pages\/10662\/revisions\/10668"}],"wp:attachment":[{"href":"https:\/\/mhconsultancy.com.tr\/tr\/wp-json\/wp\/v2\/media?parent=10662"}],"curies":[{"name":"wp","href":"https:\/\/api.w.org\/{rel}","templated":true}]}}